{"id":5484,"date":"2023-01-20T10:28:53","date_gmt":"2023-01-20T10:28:53","guid":{"rendered":"https:\/\/amberdistribution.lv\/?post_type=product&#038;p=5484"},"modified":"2023-02-16T13:14:41","modified_gmt":"2023-02-16T13:14:41","slug":"becksteiner-kilian-chardonnay-kabinett-trocken","status":"publish","type":"product","link":"https:\/\/amberdistribution.lv\/lv\/product\/becksteiner-kilian-chardonnay-kabinett-trocken\/","title":{"rendered":"Becksteiner Kilian Chardonnay Kabinett trocken"},"content":{"rendered":"<p>Pirms vair\u0101k k\u0101 1300 gadiem p\u0101vests Kilian ce\u013coja pa Tauberfranken re\u0123ionu.<\/p>\n<p>Sv. Kilian k\u013cuva par re\u0123iona v\u012bnogu audz\u0113t\u0101ju patronu un t\u0101 tas palicis ar\u012b m\u016bsdien\u0101s, kad vi\u0146s tiek uzskat\u012bts par vec\u0101k\u0101 un liel\u0101k\u0101 v\u012bnogu audz\u0113t\u0101ju kooperat\u012bva Becksteiner patrons.<\/p>\n<p>Lai godin\u0101tu \u0161o seno trad\u012bciju premium l\u012bnijas v\u012bni nosaukti Kilian v\u0101rd\u0101. \u0160ai v\u012bnu l\u012bnijai izmanto v\u012bnogas no lab\u0101kajiem v\u012bnogu laukiem, kuru nog\u0101zes v\u0113rstas dienvidu un dienvidrietumu virzien\u0101, nov\u0101cot v\u012bnogas p\u0113c iesp\u0113jas v\u0113l\u0101k. Kilian v\u012bni izce\u013cas ar svaigumuun pat\u012bkamu mineralit\u0113ti, pateicoties ka\u013c\u0137akmens augsn\u0113m ar glieme\u017eu nogul\u0101m.<\/p>\n<p>Kilian v\u012bni sa\u0146\u0113mu\u0161i neskait\u0101mus starptautiskus nov\u0113rt\u0113jumus. \u0160oruden tie atk\u013cuvu\u0161i ar\u012b l\u012bdz Latvijai.<\/p>\n<p>&nbsp;<\/p>\n<p><strong>Becksteiner Kilian Chardonnay Kabinett trocken <\/strong>ir harmonisks, ide\u0101li sabalans\u0113ts sausais baltv\u012bns ar intens\u012bviem aug\u013cu arom\u0101tiem un elegantu mineralit\u0101tes noti.<\/p>\n<p>Lieliski sader\u0113s ar putna ga\u013cas \u0113dieniem, ziv\u012bm, j\u016bras velt\u0113m, maigiem sieriem.<\/p>\n","protected":false},"excerpt":{"rendered":"<p>Pirms vair\u0101k k\u0101 1300 gadiem p\u0101vests Kilian ce\u013coja pa Tauberfranken re\u0123ionu. Sv. Kilian k\u013cuva par re\u0123iona v\u012bnogu audz\u0113t\u0101ju patronu un t\u0101 tas palicis ar\u012b m\u016bsdien\u0101s, kad vi\u0146s tiek uzskat\u012bts par...<\/p>\n","protected":false},"featured_media":5485,"template":"","meta":[],"product_cat":[418,433],"product_tag":[],"acf":[],"_links":{"self":[{"href":"https:\/\/amberdistribution.lv\/lv\/wp-json\/wp\/v2\/product\/5484"}],"collection":[{"href":"https:\/\/amberdistribution.lv\/lv\/wp-json\/wp\/v2\/product"}],"about":[{"href":"https:\/\/amberdistribution.lv\/lv\/wp-json\/wp\/v2\/types\/product"}],"wp:featuredmedia":[{"embeddable":true,"href":"https:\/\/amberdistribution.lv\/lv\/wp-json\/wp\/v2\/media\/5485"}],"wp:attachment":[{"href":"https:\/\/amberdistribution.lv\/lv\/wp-json\/wp\/v2\/media?parent=5484"}],"wp:term":[{"taxonomy":"product_cat","embeddable":true,"href":"https:\/\/amberdistribution.lv\/lv\/wp-json\/wp\/v2\/product_cat?post=5484"},{"taxonomy":"product_tag","embeddable":true,"href":"https:\/\/amberdistribution.lv\/lv\/wp-json\/wp\/v2\/product_tag?post=5484"}],"curies":[{"name":"wp","href":"https:\/\/api.w.org\/{rel}","templated":true}]}}