{"id":5487,"date":"2023-01-20T10:36:31","date_gmt":"2023-01-20T10:36:31","guid":{"rendered":"https:\/\/amberdistribution.lv\/?post_type=product&#038;p=5487"},"modified":"2023-02-16T13:15:05","modified_gmt":"2023-02-16T13:15:05","slug":"becksteiner-selektion-chardonnay-spatlese-trocken","status":"publish","type":"product","link":"https:\/\/amberdistribution.lv\/lv\/product\/becksteiner-selektion-chardonnay-spatlese-trocken\/","title":{"rendered":"Becksteiner Selektion Chardonnay Spatlese trocken"},"content":{"rendered":"<p>100% Chardonnay, viena v\u012bna d\u0101rza\u00a0Gerlachsheimer Herrenberg\u00a0v\u012bns<\/p>\n<p>Sauss: 4.4 g cukurs\/ L; Iztur\u0113ts muc\u0101s.<\/p>\n<p>Sp\u0113c\u012bgi dzelteno aug\u013cu arom\u0101ti, melones, nogatavoju\u0161ies bumbieri, kivi\u00a0 vani\u013ca, intens\u012bva gar\u0161a ar vieglu grauzd\u0113tas maiz\u012btes noti, noapa\u013cota strukt\u016bra ar pat\u012bkamu sk\u0101buma l\u012bmeni.<\/p>\n<p>Sp\u0113c\u012bgs un izteiksm\u012bgs Chardonnay, tai pat laik\u0101 izcili elegants un viegli dzerams.<\/p>\n<p>Becksteiner Selektion Chardonnay Spatlese trocken past\u0101v\u012bgi sa\u0146em apbalvojumus izst\u0101d\u0113s.<\/p>\n<p>Latvijas Gada V\u012bns 2022 apbalvots ar sudraba meda\u013cu un iek\u013cauts TOP 100 Latvijas lab\u0101ko v\u012bnu sarakst\u0101.<\/p>\n<p><strong>\u017durn\u0101los SANTA un KLUBS atz\u012bm\u0113ts k\u0101 LATVIJAS GADA V\u012aNS 2022\u00a0lab\u0101kais V\u0101cijas \u0160ardon\u0113 ar izcilu cenas un kvalit\u0101tes attiec\u012bbu.<\/strong><\/p>\n","protected":false},"excerpt":{"rendered":"<p>100% Chardonnay, viena v\u012bna d\u0101rza\u00a0Gerlachsheimer Herrenberg\u00a0v\u012bns Sauss: 4.4 g cukurs\/ L; Iztur\u0113ts muc\u0101s. Sp\u0113c\u012bgi dzelteno aug\u013cu arom\u0101ti, melones, nogatavoju\u0161ies bumbieri, kivi\u00a0 vani\u013ca, intens\u012bva gar\u0161a ar vieglu grauzd\u0113tas maiz\u012btes noti, noapa\u013cota...<\/p>\n","protected":false},"featured_media":5488,"template":"","meta":[],"product_cat":[418,433],"product_tag":[],"acf":[],"_links":{"self":[{"href":"https:\/\/amberdistribution.lv\/lv\/wp-json\/wp\/v2\/product\/5487"}],"collection":[{"href":"https:\/\/amberdistribution.lv\/lv\/wp-json\/wp\/v2\/product"}],"about":[{"href":"https:\/\/amberdistribution.lv\/lv\/wp-json\/wp\/v2\/types\/product"}],"wp:featuredmedia":[{"embeddable":true,"href":"https:\/\/amberdistribution.lv\/lv\/wp-json\/wp\/v2\/media\/5488"}],"wp:attachment":[{"href":"https:\/\/amberdistribution.lv\/lv\/wp-json\/wp\/v2\/media?parent=5487"}],"wp:term":[{"taxonomy":"product_cat","embeddable":true,"href":"https:\/\/amberdistribution.lv\/lv\/wp-json\/wp\/v2\/product_cat?post=5487"},{"taxonomy":"product_tag","embeddable":true,"href":"https:\/\/amberdistribution.lv\/lv\/wp-json\/wp\/v2\/product_tag?post=5487"}],"curies":[{"name":"wp","href":"https:\/\/api.w.org\/{rel}","templated":true}]}}