{"id":5625,"date":"2023-03-27T13:32:49","date_gmt":"2023-03-27T13:32:49","guid":{"rendered":"https:\/\/amberdistribution.lv\/?post_type=product&#038;p=5625"},"modified":"2024-05-22T07:50:02","modified_gmt":"2024-05-22T07:50:02","slug":"lb-kokteilis-upene","status":"publish","type":"product","link":"https:\/\/amberdistribution.lv\/lv\/product\/lb-kokteilis-upene\/","title":{"rendered":"LB Kokteilis Upene"},"content":{"rendered":"<p><span class=\"ui-provider gp b c d e f g h i j k l m n o p q r s t u v w x y z ab ac ae af ag ah ai aj ak\" dir=\"ltr\">LB Kokteilis Upene ir g\u0101z\u0113ts alkoholisks kokteilis, kura pagatavo\u0161anai izmantots augstas kvalit\u0101tes degv\u012bns, kura t\u012br\u012bba un dzidrums tiek garant\u0113ti ar vair\u0101kk\u0101rt\u012bgas filtr\u0101cijas pal\u012bdz\u012bbu. Kokteil\u012b harmoniski apvienotas degv\u012bna notis ar Latvij\u0101 iem\u012b\u013cot\u0101ko ogu - upe\u0146u arom\u0101tu un gar\u0161u.<\/span><\/p>\n","protected":false},"excerpt":{"rendered":"<p>LB Kokteilis Upene ir g\u0101z\u0113ts alkoholisks kokteilis, kura pagatavo\u0161anai izmantots augstas kvalit\u0101tes degv\u012bns, kura t\u012br\u012bba un dzidrums tiek garant\u0113ti ar vair\u0101kk\u0101rt\u012bgas filtr\u0101cijas pal\u012bdz\u012bbu. Kokteil\u012b harmoniski apvienotas degv\u012bna notis ar Latvij\u0101...<\/p>\n","protected":false},"featured_media":5628,"template":"","meta":[],"product_cat":[435,437],"product_tag":[],"acf":[],"_links":{"self":[{"href":"https:\/\/amberdistribution.lv\/lv\/wp-json\/wp\/v2\/product\/5625"}],"collection":[{"href":"https:\/\/amberdistribution.lv\/lv\/wp-json\/wp\/v2\/product"}],"about":[{"href":"https:\/\/amberdistribution.lv\/lv\/wp-json\/wp\/v2\/types\/product"}],"wp:featuredmedia":[{"embeddable":true,"href":"https:\/\/amberdistribution.lv\/lv\/wp-json\/wp\/v2\/media\/5628"}],"wp:attachment":[{"href":"https:\/\/amberdistribution.lv\/lv\/wp-json\/wp\/v2\/media?parent=5625"}],"wp:term":[{"taxonomy":"product_cat","embeddable":true,"href":"https:\/\/amberdistribution.lv\/lv\/wp-json\/wp\/v2\/product_cat?post=5625"},{"taxonomy":"product_tag","embeddable":true,"href":"https:\/\/amberdistribution.lv\/lv\/wp-json\/wp\/v2\/product_tag?post=5625"}],"curies":[{"name":"wp","href":"https:\/\/api.w.org\/{rel}","templated":true}]}}