{"id":5632,"date":"2023-03-29T07:48:17","date_gmt":"2023-03-29T07:48:17","guid":{"rendered":"https:\/\/amberdistribution.lv\/?post_type=product&#038;p=5632"},"modified":"2023-04-20T05:54:41","modified_gmt":"2023-04-20T05:54:41","slug":"hendricks-gin-flora-adora","status":"publish","type":"product","link":"https:\/\/amberdistribution.lv\/lv\/product\/hendricks-gin-flora-adora\/","title":{"rendered":"Hendrick's Gin Flora Adora"},"content":{"rendered":"<p>Hendrick\u2019s Flora Adora ir ierobe\u017eota daudzuma d\u017eins. Destil\u0101cijas meistare Leslija Greisija ir papildin\u0101jusi \u0161o izteikti arom\u0101tisko meistardarbu ar ziediem, ko iem\u012b\u013coju\u0161as ar\u012b bites un citi nekt\u0101ru-m\u012blo\u0161ie draugi, kas nereti sastopami d\u0101rzos.<\/p>\n<p>Izsmalcin\u0101tu gar\u0161u ieg\u016bsiet pasniedzot Hendrick\u2019s Flora Adora ar toniku un gur\u0137a ripi\u0146u. Iesakam izm\u0113\u0123iniet ar\u012b Hendrick's Flora Adora Wildgarden Cup:<\/p>\n<p>50ml Hendrick\u2019s Flora Adora, 25ml Citronu sula, 25ml Cukura s\u012brups, G\u0101z\u0113ts \u016bdens, Piparm\u0113tra, svaigas avenes un 3 gur\u0137a ripi\u0146as.<\/p>\n<p>Pildiet visas sast\u0101vda\u013cas garaj\u0101 gl\u0101z\u0113 ar ledu, pievienojiet g\u0101z\u0113tu \u016bdeni,\u00a0 samaisiet un dekor\u0113jiet ar aven\u0113m, piparm\u0113tru un gur\u0137a ripi\u0146\u0101m.<\/p>\n","protected":false},"excerpt":{"rendered":"<p>Hendrick\u2019s Flora Adora ir ierobe\u017eota daudzuma d\u017eins. Destil\u0101cijas meistare Leslija Greisija ir papildin\u0101jusi \u0161o izteikti arom\u0101tisko meistardarbu ar ziediem, ko iem\u012b\u013coju\u0161as ar\u012b bites un citi nekt\u0101ru-m\u012blo\u0161ie draugi, kas nereti sastopami...<\/p>\n","protected":false},"featured_media":5633,"template":"","meta":[],"product_cat":[415],"product_tag":[],"acf":[],"_links":{"self":[{"href":"https:\/\/amberdistribution.lv\/lv\/wp-json\/wp\/v2\/product\/5632"}],"collection":[{"href":"https:\/\/amberdistribution.lv\/lv\/wp-json\/wp\/v2\/product"}],"about":[{"href":"https:\/\/amberdistribution.lv\/lv\/wp-json\/wp\/v2\/types\/product"}],"wp:featuredmedia":[{"embeddable":true,"href":"https:\/\/amberdistribution.lv\/lv\/wp-json\/wp\/v2\/media\/5633"}],"wp:attachment":[{"href":"https:\/\/amberdistribution.lv\/lv\/wp-json\/wp\/v2\/media?parent=5632"}],"wp:term":[{"taxonomy":"product_cat","embeddable":true,"href":"https:\/\/amberdistribution.lv\/lv\/wp-json\/wp\/v2\/product_cat?post=5632"},{"taxonomy":"product_tag","embeddable":true,"href":"https:\/\/amberdistribution.lv\/lv\/wp-json\/wp\/v2\/product_tag?post=5632"}],"curies":[{"name":"wp","href":"https:\/\/api.w.org\/{rel}","templated":true}]}}