{"id":5659,"date":"2023-04-13T09:57:08","date_gmt":"2023-04-13T09:57:08","guid":{"rendered":"https:\/\/amberdistribution.lv\/?post_type=product&#038;p=5659"},"modified":"2023-04-13T13:34:45","modified_gmt":"2023-04-13T13:34:45","slug":"reserve-des-lys-rose-danjou","status":"publish","type":"product","link":"https:\/\/amberdistribution.lv\/lv\/product\/reserve-des-lys-rose-danjou\/","title":{"rendered":"R\u00e9serve des Lys Ros\u00e9 d'Anjou"},"content":{"rendered":"<p>Pussauss roz\u0101 v\u012bns R\u00e9serve des Lys Ros\u00e9 d'Anjou no Francijas. V\u012bnam rakstur\u012bga spilgti roz\u0101 kr\u0101sa un arom\u0101t\u0101 izteiktas ziedu, sarkano aug\u013cu un miner\u0101lu notis. Gar\u0161\u0101 v\u012bns ir aug\u013cains un labi sabalans\u0113ts. Ieteicam\u0101 pasnieg\u0161anas temperat\u016bra: 8-10 \u00b0C. Lieliski der\u0113s pasnieg\u0161anai k\u0101 aperat\u012bvs, ar putnu ga\u013cu vai pikantiem \u0113dieniem. Satur sulf\u012btus. Ra\u017eots Francij\u0101.<\/p>\n","protected":false},"excerpt":{"rendered":"<p>Pussauss roz\u0101 v\u012bns R\u00e9serve des Lys Ros\u00e9 d'Anjou no Francijas. V\u012bnam rakstur\u012bga spilgti roz\u0101 kr\u0101sa un arom\u0101t\u0101 izteiktas ziedu, sarkano aug\u013cu un miner\u0101lu notis. Gar\u0161\u0101 v\u012bns ir aug\u013cains un labi...<\/p>\n","protected":false},"featured_media":5660,"template":"","meta":[],"product_cat":[418,419],"product_tag":[],"acf":[],"_links":{"self":[{"href":"https:\/\/amberdistribution.lv\/lv\/wp-json\/wp\/v2\/product\/5659"}],"collection":[{"href":"https:\/\/amberdistribution.lv\/lv\/wp-json\/wp\/v2\/product"}],"about":[{"href":"https:\/\/amberdistribution.lv\/lv\/wp-json\/wp\/v2\/types\/product"}],"wp:featuredmedia":[{"embeddable":true,"href":"https:\/\/amberdistribution.lv\/lv\/wp-json\/wp\/v2\/media\/5660"}],"wp:attachment":[{"href":"https:\/\/amberdistribution.lv\/lv\/wp-json\/wp\/v2\/media?parent=5659"}],"wp:term":[{"taxonomy":"product_cat","embeddable":true,"href":"https:\/\/amberdistribution.lv\/lv\/wp-json\/wp\/v2\/product_cat?post=5659"},{"taxonomy":"product_tag","embeddable":true,"href":"https:\/\/amberdistribution.lv\/lv\/wp-json\/wp\/v2\/product_tag?post=5659"}],"curies":[{"name":"wp","href":"https:\/\/api.w.org\/{rel}","templated":true}]}}