{"id":5680,"date":"2023-04-14T12:05:24","date_gmt":"2023-04-14T12:05:24","guid":{"rendered":"https:\/\/amberdistribution.lv\/?post_type=product&#038;p=5680"},"modified":"2024-08-14T07:23:03","modified_gmt":"2024-08-14T07:23:03","slug":"les-ormes-de-cambras-cabernet-sauvignon-rouge","status":"publish","type":"product","link":"https:\/\/amberdistribution.lv\/lv\/product\/les-ormes-de-cambras-cabernet-sauvignon-rouge\/","title":{"rendered":"Les Ormes de Cambras Cabernet Sauvignon Rouge"},"content":{"rendered":"<p>Sauss sarkanv\u012bns tum\u0161i violet\u0101 kr\u0101s\u0101 Les Ormes de Cambras Cabernet Sauvignon Rouge IGP no Francijas re\u0123iona Pays d\u2019OC. Tiek veidots no piln\u012bb\u0101 nogatavin\u0101t\u0101m Cabernet Sauvignon v\u012bnog\u0101m un pild\u012bts tradicion\u0101laj\u0101 Bordeaux re\u0123iona pudel\u0113. P\u0113c v\u012bnogu nov\u0101k\u0161anas procesa, macer\u0101cija ilgst 2-4 ned\u0113\u013cas kontrol\u0113t\u0101 temperat\u016br\u0101, lai g\u016btu visaugst\u0101k\u0101s kvalit\u0101tes gar\u0161u no Cabernet Sauvignon v\u012bnog\u0101m. Arom\u0101t\u0101 izce\u013cas saldeni un nogatavin\u0101ti sarkanie aug\u013ci. Maigs, bet pilnmies\u012bgas strukt\u016bras v\u012bns, ar elegantu nobeigumu. V\u012bnu ieteicams pasniegt 10-12 \u00b0C temperat\u016br\u0101. Labi sader ar j\u0113ra ga\u013cu un cietajiem sieriem.<\/p>\n","protected":false},"excerpt":{"rendered":"<p>Sauss sarkanv\u012bns tum\u0161i violet\u0101 kr\u0101s\u0101 Les Ormes de Cambras Cabernet Sauvignon Rouge IGP no Francijas re\u0123iona Pays d\u2019OC. Tiek veidots no piln\u012bb\u0101 nogatavin\u0101t\u0101m Cabernet Sauvignon v\u012bnog\u0101m un pild\u012bts tradicion\u0101laj\u0101 Bordeaux...<\/p>\n","protected":false},"featured_media":5994,"template":"","meta":[],"product_cat":[418,419],"product_tag":[],"acf":[],"_links":{"self":[{"href":"https:\/\/amberdistribution.lv\/lv\/wp-json\/wp\/v2\/product\/5680"}],"collection":[{"href":"https:\/\/amberdistribution.lv\/lv\/wp-json\/wp\/v2\/product"}],"about":[{"href":"https:\/\/amberdistribution.lv\/lv\/wp-json\/wp\/v2\/types\/product"}],"wp:featuredmedia":[{"embeddable":true,"href":"https:\/\/amberdistribution.lv\/lv\/wp-json\/wp\/v2\/media\/5994"}],"wp:attachment":[{"href":"https:\/\/amberdistribution.lv\/lv\/wp-json\/wp\/v2\/media?parent=5680"}],"wp:term":[{"taxonomy":"product_cat","embeddable":true,"href":"https:\/\/amberdistribution.lv\/lv\/wp-json\/wp\/v2\/product_cat?post=5680"},{"taxonomy":"product_tag","embeddable":true,"href":"https:\/\/amberdistribution.lv\/lv\/wp-json\/wp\/v2\/product_tag?post=5680"}],"curies":[{"name":"wp","href":"https:\/\/api.w.org\/{rel}","templated":true}]}}