{"id":5713,"date":"2023-04-27T11:11:16","date_gmt":"2023-04-27T11:11:16","guid":{"rendered":"https:\/\/amberdistribution.lv\/?post_type=product&#038;p=5713"},"modified":"2024-08-14T07:22:40","modified_gmt":"2024-08-14T07:22:40","slug":"villa-annaberta-canaja-bianco-veneto-igt","status":"publish","type":"product","link":"https:\/\/amberdistribution.lv\/lv\/product\/villa-annaberta-canaja-bianco-veneto-igt\/","title":{"rendered":"Villa Annaberta Canaja Bianco Veneto IGT"},"content":{"rendered":"<p>Sausais baltv\u012bns gatavots no Garganega, Chardonnay, Sauvignon Blanc v\u012bnog\u0101m. Rakstur\u012bga skaista salmu zeltaina kr\u0101sa ar za\u013cganiem atsp\u012bdumiem, atsvaidzino\u0161a, aug\u013caina gar\u0161a ar pat\u012bkamiem ziedu arom\u0101tiem. V\u012bns lieliski sader ar v\u0113\u017eveid\u012bgajiem, risoto un zivju \u0113dieniem. Ide\u0101li piem\u0113rots uzkod\u0101m un gril\u0113tiem d\u0101rze\u0146iem, saldajiem pipariem, bakla\u017e\u0101niem un tom\u0101tiem.<\/p>\n","protected":false},"excerpt":{"rendered":"<p>Sausais baltv\u012bns gatavots no Garganega, Chardonnay, Sauvignon Blanc v\u012bnog\u0101m. Rakstur\u012bga skaista salmu zeltaina kr\u0101sa ar za\u013cganiem atsp\u012bdumiem, atsvaidzino\u0161a, aug\u013caina gar\u0161a ar pat\u012bkamiem ziedu arom\u0101tiem. V\u012bns lieliski sader ar v\u0113\u017eveid\u012bgajiem, risoto...<\/p>\n","protected":false},"featured_media":6020,"template":"","meta":[],"product_cat":[418,420],"product_tag":[],"acf":[],"_links":{"self":[{"href":"https:\/\/amberdistribution.lv\/lv\/wp-json\/wp\/v2\/product\/5713"}],"collection":[{"href":"https:\/\/amberdistribution.lv\/lv\/wp-json\/wp\/v2\/product"}],"about":[{"href":"https:\/\/amberdistribution.lv\/lv\/wp-json\/wp\/v2\/types\/product"}],"wp:featuredmedia":[{"embeddable":true,"href":"https:\/\/amberdistribution.lv\/lv\/wp-json\/wp\/v2\/media\/6020"}],"wp:attachment":[{"href":"https:\/\/amberdistribution.lv\/lv\/wp-json\/wp\/v2\/media?parent=5713"}],"wp:term":[{"taxonomy":"product_cat","embeddable":true,"href":"https:\/\/amberdistribution.lv\/lv\/wp-json\/wp\/v2\/product_cat?post=5713"},{"taxonomy":"product_tag","embeddable":true,"href":"https:\/\/amberdistribution.lv\/lv\/wp-json\/wp\/v2\/product_tag?post=5713"}],"curies":[{"name":"wp","href":"https:\/\/api.w.org\/{rel}","templated":true}]}}