{"id":5716,"date":"2023-04-27T11:56:37","date_gmt":"2023-04-27T11:56:37","guid":{"rendered":"https:\/\/amberdistribution.lv\/?post_type=product&#038;p=5716"},"modified":"2023-04-27T11:57:21","modified_gmt":"2023-04-27T11:57:21","slug":"villa-annaberta-private-collection-amarone-della-valpolicella-riserva-docg","status":"publish","type":"product","link":"https:\/\/amberdistribution.lv\/lv\/product\/villa-annaberta-private-collection-amarone-della-valpolicella-riserva-docg\/","title":{"rendered":"Villa Annaberta Private Collection AMARONE della Valpolicella Riserva DOCG"},"content":{"rendered":"<p>Ekskluz\u012bvs sausais sarkanv\u012bns gatavots no Corvina, Rondinella un Molinara, v\u012bnogas pirms izspie\u0161anas kalt\u0113jot l\u012bdz janv\u0101rim, kas dod v\u012bnam \u0101rk\u0101rt\u012bgi sp\u0113c\u012bgu un arom\u0101tisku raksturu, gar\u0161a un arom\u0101ti \u013coti pies\u0101tin\u0101ti, mazliet saldeni un gar\u0161vielaini. \u0160o v\u012bnu gatavo tikai izcilas ra\u017eas gados, nelielos daudzumos. \u0160\u0101du v\u012bnu dro\u0161i var glab\u0101t vismaz \u00a015- 20 gadus. Lieliski sader\u0113s ar tik pat sp\u0113c\u012bgiem \u0113dieniem- j\u0113ru, liellopu, med\u012bjumu, nogatavin\u0101tiem sieriem.<\/p>\n","protected":false},"excerpt":{"rendered":"<p>Ekskluz\u012bvs sausais sarkanv\u012bns gatavots no Corvina, Rondinella un Molinara, v\u012bnogas pirms izspie\u0161anas kalt\u0113jot l\u012bdz janv\u0101rim, kas dod v\u012bnam \u0101rk\u0101rt\u012bgi sp\u0113c\u012bgu un arom\u0101tisku raksturu, gar\u0161a un arom\u0101ti \u013coti pies\u0101tin\u0101ti, mazliet saldeni...<\/p>\n","protected":false},"featured_media":5717,"template":"","meta":[],"product_cat":[418,420],"product_tag":[],"acf":[],"_links":{"self":[{"href":"https:\/\/amberdistribution.lv\/lv\/wp-json\/wp\/v2\/product\/5716"}],"collection":[{"href":"https:\/\/amberdistribution.lv\/lv\/wp-json\/wp\/v2\/product"}],"about":[{"href":"https:\/\/amberdistribution.lv\/lv\/wp-json\/wp\/v2\/types\/product"}],"wp:featuredmedia":[{"embeddable":true,"href":"https:\/\/amberdistribution.lv\/lv\/wp-json\/wp\/v2\/media\/5717"}],"wp:attachment":[{"href":"https:\/\/amberdistribution.lv\/lv\/wp-json\/wp\/v2\/media?parent=5716"}],"wp:term":[{"taxonomy":"product_cat","embeddable":true,"href":"https:\/\/amberdistribution.lv\/lv\/wp-json\/wp\/v2\/product_cat?post=5716"},{"taxonomy":"product_tag","embeddable":true,"href":"https:\/\/amberdistribution.lv\/lv\/wp-json\/wp\/v2\/product_tag?post=5716"}],"curies":[{"name":"wp","href":"https:\/\/api.w.org\/{rel}","templated":true}]}}