{"id":5719,"date":"2023-04-27T12:09:31","date_gmt":"2023-04-27T12:09:31","guid":{"rendered":"https:\/\/amberdistribution.lv\/?post_type=product&#038;p=5719"},"modified":"2024-08-14T07:22:52","modified_gmt":"2024-08-14T07:22:52","slug":"villa-annaberta-canaja-gold-rosso-verona-igt-special-edition","status":"publish","type":"product","link":"https:\/\/amberdistribution.lv\/lv\/product\/villa-annaberta-canaja-gold-rosso-verona-igt-special-edition\/","title":{"rendered":"Villa Annaberta Canaja Gold Rosso Verona IGT Special Edition"},"content":{"rendered":"<p>Sauss sarkanv\u012bns gatavots no Corvina, Corvinone, Rondinella v\u012bnog\u0101m. P\u0113c nov\u0101k\u0161anas puse no t\u0101m pirms izspie\u0161anas ilgsto\u0161i \u017e\u0101v\u0113tas, lai ieg\u016btu sp\u0113c\u012bgus arom\u0101tus un gar\u0161u, v\u012bns iztur\u0113ts 24 m\u0113ne\u0161us. Rakstur\u012bgs tum\u0161i sarkans tonis, \u017e\u0101v\u0113tu kaze\u0146u, \u0137ir\u0161u, mele\u0146u arom\u0101ti, bag\u0101t\u012bga, sp\u0113c\u012bga \u00a0gar\u0161a ar \u017e\u0101v\u0113tu aug\u013cu un saldenu gar\u0161vielu not\u012bm. Ide\u0101li sader\u0113s ar sp\u0113c\u012bgiem ga\u013cas \u0113dieniem, gril\u0113tu ga\u013cu un labi nogatavin\u0101tiem sieriem.<\/p>\n","protected":false},"excerpt":{"rendered":"<p>Sauss sarkanv\u012bns gatavots no Corvina, Corvinone, Rondinella v\u012bnog\u0101m. P\u0113c nov\u0101k\u0161anas puse no t\u0101m pirms izspie\u0161anas ilgsto\u0161i \u017e\u0101v\u0113tas, lai ieg\u016btu sp\u0113c\u012bgus arom\u0101tus un gar\u0161u, v\u012bns iztur\u0113ts 24 m\u0113ne\u0161us. Rakstur\u012bgs tum\u0161i sarkans...<\/p>\n","protected":false},"featured_media":6022,"template":"","meta":[],"product_cat":[418,420],"product_tag":[],"acf":[],"_links":{"self":[{"href":"https:\/\/amberdistribution.lv\/lv\/wp-json\/wp\/v2\/product\/5719"}],"collection":[{"href":"https:\/\/amberdistribution.lv\/lv\/wp-json\/wp\/v2\/product"}],"about":[{"href":"https:\/\/amberdistribution.lv\/lv\/wp-json\/wp\/v2\/types\/product"}],"wp:featuredmedia":[{"embeddable":true,"href":"https:\/\/amberdistribution.lv\/lv\/wp-json\/wp\/v2\/media\/6022"}],"wp:attachment":[{"href":"https:\/\/amberdistribution.lv\/lv\/wp-json\/wp\/v2\/media?parent=5719"}],"wp:term":[{"taxonomy":"product_cat","embeddable":true,"href":"https:\/\/amberdistribution.lv\/lv\/wp-json\/wp\/v2\/product_cat?post=5719"},{"taxonomy":"product_tag","embeddable":true,"href":"https:\/\/amberdistribution.lv\/lv\/wp-json\/wp\/v2\/product_tag?post=5719"}],"curies":[{"name":"wp","href":"https:\/\/api.w.org\/{rel}","templated":true}]}}