{"id":5723,"date":"2023-04-27T12:13:52","date_gmt":"2023-04-27T12:13:52","guid":{"rendered":"https:\/\/amberdistribution.lv\/?post_type=product&#038;p=5723"},"modified":"2023-04-27T12:13:53","modified_gmt":"2023-04-27T12:13:53","slug":"villa-annaberta-lugana-doc","status":"publish","type":"product","link":"https:\/\/amberdistribution.lv\/lv\/product\/villa-annaberta-lugana-doc\/","title":{"rendered":"Villa Annaberta Lugana DOC"},"content":{"rendered":"<p>Sauss, elegants It\u0101lijas baltv\u012bns no re\u0123iona Gardas ezera dienvidu da\u013c\u0101 \u2013 Lugana, gatavots no Turbiana v\u012bnog\u0101m. Bag\u0101t\u012bgi pavasara ziedu, citrusaug\u013cu, \u0101bolu arom\u0101ti, maiga noapa\u013cota gar\u0161a ar vieglu mande\u013cu noti. Sader\u0113s ar sald\u016bdens ziv\u012bm, spar\u0123e\u013ciem, olu \u0113dieniem, lielisks aperit\u012bvs.<\/p>\n","protected":false},"excerpt":{"rendered":"<p>Sauss, elegants It\u0101lijas baltv\u012bns no re\u0123iona Gardas ezera dienvidu da\u013c\u0101 \u2013 Lugana, gatavots no Turbiana v\u012bnog\u0101m. Bag\u0101t\u012bgi pavasara ziedu, citrusaug\u013cu, \u0101bolu arom\u0101ti, maiga noapa\u013cota gar\u0161a ar vieglu mande\u013cu noti. Sader\u0113s...<\/p>\n","protected":false},"featured_media":5724,"template":"","meta":[],"product_cat":[418,420],"product_tag":[],"acf":[],"_links":{"self":[{"href":"https:\/\/amberdistribution.lv\/lv\/wp-json\/wp\/v2\/product\/5723"}],"collection":[{"href":"https:\/\/amberdistribution.lv\/lv\/wp-json\/wp\/v2\/product"}],"about":[{"href":"https:\/\/amberdistribution.lv\/lv\/wp-json\/wp\/v2\/types\/product"}],"wp:featuredmedia":[{"embeddable":true,"href":"https:\/\/amberdistribution.lv\/lv\/wp-json\/wp\/v2\/media\/5724"}],"wp:attachment":[{"href":"https:\/\/amberdistribution.lv\/lv\/wp-json\/wp\/v2\/media?parent=5723"}],"wp:term":[{"taxonomy":"product_cat","embeddable":true,"href":"https:\/\/amberdistribution.lv\/lv\/wp-json\/wp\/v2\/product_cat?post=5723"},{"taxonomy":"product_tag","embeddable":true,"href":"https:\/\/amberdistribution.lv\/lv\/wp-json\/wp\/v2\/product_tag?post=5723"}],"curies":[{"name":"wp","href":"https:\/\/api.w.org\/{rel}","templated":true}]}}