{"id":5750,"date":"2023-06-13T09:23:45","date_gmt":"2023-06-13T09:23:45","guid":{"rendered":"https:\/\/amberdistribution.lv\/?post_type=product&#038;p=5750"},"modified":"2023-06-13T09:23:46","modified_gmt":"2023-06-13T09:23:46","slug":"les-ormes-de-cambras-merlot-rose","status":"publish","type":"product","link":"https:\/\/amberdistribution.lv\/lv\/product\/les-ormes-de-cambras-merlot-rose\/","title":{"rendered":"Les Ormes de Cambras Merlot Ros\u00e9"},"content":{"rendered":"<p>Sauss roz\u0101 v\u012bns Les Ormes de Cambras Merlot Ros\u00e9 no Francijas re\u0123iona Pays d\u2019OC, kas tiek veidots no Merlot v\u012bnog\u0101m un pild\u012bts tradicion\u0101laj\u0101 Bordeaux re\u0123iona pudel\u0113. Ogu pres\u0113\u0161ana norit uzreiz p\u0113c ogu nov\u0101k\u0161anas, ferment\u0101cija norit zem\u0101 temperat\u016br\u0101 un ieg\u016btais v\u012bns vair\u0101kas ned\u0113\u013cas tiek nost\u0101din\u0101ts uz nogulsn\u0113m, k\u0101 rezult\u0101t\u0101 tiek g\u016bts t\u0101 intens\u012bvais, svaigais sarkano aug\u013cu un ave\u0146u arom\u0101ts. V\u012bna kr\u0101sa ir maigi roz\u0101 un gar\u0161a ir svaiga, aug\u013caina un p\u0113cgar\u0161\u0101 j\u016btamas ziedu notis. Ieteicam\u0101 pasnieg\u0161anas temperat\u016bra: 7-8 \u00b0C. Lieliski der\u0113s pasnieg\u0161anai k\u0101 aperat\u012bvs un pie sal\u0101tiem vai gril\u0113tiem \u0113dieniem.<\/p>\n","protected":false},"excerpt":{"rendered":"<p>Sauss roz\u0101 v\u012bns Les Ormes de Cambras Merlot Ros\u00e9 no Francijas re\u0123iona Pays d\u2019OC, kas tiek veidots no Merlot v\u012bnog\u0101m un pild\u012bts tradicion\u0101laj\u0101 Bordeaux re\u0123iona pudel\u0113. Ogu pres\u0113\u0161ana norit uzreiz...<\/p>\n","protected":false},"featured_media":5753,"template":"","meta":[],"product_cat":[418,419],"product_tag":[],"acf":[],"_links":{"self":[{"href":"https:\/\/amberdistribution.lv\/lv\/wp-json\/wp\/v2\/product\/5750"}],"collection":[{"href":"https:\/\/amberdistribution.lv\/lv\/wp-json\/wp\/v2\/product"}],"about":[{"href":"https:\/\/amberdistribution.lv\/lv\/wp-json\/wp\/v2\/types\/product"}],"wp:featuredmedia":[{"embeddable":true,"href":"https:\/\/amberdistribution.lv\/lv\/wp-json\/wp\/v2\/media\/5753"}],"wp:attachment":[{"href":"https:\/\/amberdistribution.lv\/lv\/wp-json\/wp\/v2\/media?parent=5750"}],"wp:term":[{"taxonomy":"product_cat","embeddable":true,"href":"https:\/\/amberdistribution.lv\/lv\/wp-json\/wp\/v2\/product_cat?post=5750"},{"taxonomy":"product_tag","embeddable":true,"href":"https:\/\/amberdistribution.lv\/lv\/wp-json\/wp\/v2\/product_tag?post=5750"}],"curies":[{"name":"wp","href":"https:\/\/api.w.org\/{rel}","templated":true}]}}