{"id":5758,"date":"2023-06-13T09:30:57","date_gmt":"2023-06-13T09:30:57","guid":{"rendered":"https:\/\/amberdistribution.lv\/?post_type=product&#038;p=5758"},"modified":"2025-10-30T15:08:01","modified_gmt":"2025-10-30T15:08:01","slug":"les-ormes-de-cambras-sauvignon-blanc","status":"publish","type":"product","link":"https:\/\/amberdistribution.lv\/lv\/product\/les-ormes-de-cambras-sauvignon-blanc\/","title":{"rendered":"Les Ormes de Cambras Sauvignon Blanc"},"content":{"rendered":"<p>Sauss baltv\u012bns Les Ormes de Cambras Sauvignon Blanc IGPC no Francijas re\u0123iona Pays d\u2019OC, kas tiek veidots no Sauvignon Blanc v\u012bnog\u0101m un pild\u012bts trandicion\u0101laj\u0101 Bordeaux re\u0123iona pudel\u0113. Ogu ra\u017ea tiek iev\u0101kta saull\u0113kta laik\u0101, lai nodro\u0161in\u0101tu maz\u0101ko oksid\u0113\u0161an\u0101s iesp\u0113ju. Maigas preses proces\u0101 ieg\u016btais v\u012bns vair\u0101kas ned\u0113\u013cas tiek nost\u0101din\u0101ts uz nogulsn\u0113m, k\u0101 rezult\u0101t\u0101 tiek g\u016bts t\u0101 svaigais, eksotisko aug\u013cu arom\u0101ts. Ieteicam\u0101 pasnieg\u0161anas temperat\u016bra: 10-12 \u00b0C. Lieliski der\u0113s pasnieg\u0161anai k\u0101 aperat\u012bvs vai pie sal\u0101tiem, balt\u0101s ga\u013cas un zivs \u0113dieniem.<\/p>\n","protected":false},"excerpt":{"rendered":"<p>Sauss baltv\u012bns Les Ormes de Cambras Sauvignon Blanc IGPC no Francijas re\u0123iona Pays d\u2019OC, kas tiek veidots no Sauvignon Blanc v\u012bnog\u0101m un pild\u012bts trandicion\u0101laj\u0101 Bordeaux re\u0123iona pudel\u0113. Ogu ra\u017ea tiek...<\/p>\n","protected":false},"featured_media":7288,"template":"","meta":[],"product_cat":[418,419],"product_tag":[],"acf":[],"_links":{"self":[{"href":"https:\/\/amberdistribution.lv\/lv\/wp-json\/wp\/v2\/product\/5758"}],"collection":[{"href":"https:\/\/amberdistribution.lv\/lv\/wp-json\/wp\/v2\/product"}],"about":[{"href":"https:\/\/amberdistribution.lv\/lv\/wp-json\/wp\/v2\/types\/product"}],"wp:featuredmedia":[{"embeddable":true,"href":"https:\/\/amberdistribution.lv\/lv\/wp-json\/wp\/v2\/media\/7288"}],"wp:attachment":[{"href":"https:\/\/amberdistribution.lv\/lv\/wp-json\/wp\/v2\/media?parent=5758"}],"wp:term":[{"taxonomy":"product_cat","embeddable":true,"href":"https:\/\/amberdistribution.lv\/lv\/wp-json\/wp\/v2\/product_cat?post=5758"},{"taxonomy":"product_tag","embeddable":true,"href":"https:\/\/amberdistribution.lv\/lv\/wp-json\/wp\/v2\/product_tag?post=5758"}],"curies":[{"name":"wp","href":"https:\/\/api.w.org\/{rel}","templated":true}]}}