{"id":5762,"date":"2023-06-13T10:05:00","date_gmt":"2023-06-13T10:05:00","guid":{"rendered":"https:\/\/amberdistribution.lv\/?post_type=product&#038;p=5762"},"modified":"2023-06-13T10:05:02","modified_gmt":"2023-06-13T10:05:02","slug":"les-petites-arcades-pays-doc-merlot","status":"publish","type":"product","link":"https:\/\/amberdistribution.lv\/lv\/product\/les-petites-arcades-pays-doc-merlot\/","title":{"rendered":"Les Petites Arcades Pays D\u2019Oc Merlot"},"content":{"rendered":"<p>Les Petites Arcades Pays D\u2019Oc Merlot ir sauss sarkanv\u012bns no Francijas saulain\u0101 re\u0123iona IGP Pays D\u2019Oc. Saulainais un siltais klimats Merlot \u0161\u0137irnes v\u012bnogai piedod sabalans\u0113tu aug\u013cainu un saldenu tan\u012bnu gar\u0161u. V\u012bna kr\u0101sa ir intens\u012bvi sarkana un arom\u0101t\u0101 izteikti melnie \u0137ir\u0161i, vieglas gar\u0161vielu un upe\u0146u notis. Ieteicams pasniegt 16\u00b0C temperat\u016br\u0101. Labi sader ar balto grill\u0113to ga\u013cu, grill\u0113t\u0101m ziv\u012bm vai viegliem sieriem.<\/p>\n","protected":false},"excerpt":{"rendered":"<p>Les Petites Arcades Pays D\u2019Oc Merlot ir sauss sarkanv\u012bns no Francijas saulain\u0101 re\u0123iona IGP Pays D\u2019Oc. Saulainais un siltais klimats Merlot \u0161\u0137irnes v\u012bnogai piedod sabalans\u0113tu aug\u013cainu un saldenu tan\u012bnu gar\u0161u....<\/p>\n","protected":false},"featured_media":5763,"template":"","meta":[],"product_cat":[418,419],"product_tag":[],"acf":[],"_links":{"self":[{"href":"https:\/\/amberdistribution.lv\/lv\/wp-json\/wp\/v2\/product\/5762"}],"collection":[{"href":"https:\/\/amberdistribution.lv\/lv\/wp-json\/wp\/v2\/product"}],"about":[{"href":"https:\/\/amberdistribution.lv\/lv\/wp-json\/wp\/v2\/types\/product"}],"wp:featuredmedia":[{"embeddable":true,"href":"https:\/\/amberdistribution.lv\/lv\/wp-json\/wp\/v2\/media\/5763"}],"wp:attachment":[{"href":"https:\/\/amberdistribution.lv\/lv\/wp-json\/wp\/v2\/media?parent=5762"}],"wp:term":[{"taxonomy":"product_cat","embeddable":true,"href":"https:\/\/amberdistribution.lv\/lv\/wp-json\/wp\/v2\/product_cat?post=5762"},{"taxonomy":"product_tag","embeddable":true,"href":"https:\/\/amberdistribution.lv\/lv\/wp-json\/wp\/v2\/product_tag?post=5762"}],"curies":[{"name":"wp","href":"https:\/\/api.w.org\/{rel}","templated":true}]}}