{"id":5765,"date":"2023-06-13T10:08:58","date_gmt":"2023-06-13T10:08:58","guid":{"rendered":"https:\/\/amberdistribution.lv\/?post_type=product&#038;p=5765"},"modified":"2023-06-13T10:09:00","modified_gmt":"2023-06-13T10:09:00","slug":"les-petites-arcades-pays-doc-sauvignon-blanc","status":"publish","type":"product","link":"https:\/\/amberdistribution.lv\/lv\/product\/les-petites-arcades-pays-doc-sauvignon-blanc\/","title":{"rendered":"Les Petites Arcades Pays D\u2019Oc Sauvignon Blanc"},"content":{"rendered":"<p>Sauss baltv\u012bns Les Petites Arcades Pays D\u2019Oc Sauvignon Blanc no Francijas saulain\u0101 re\u0123iona IGP Pays D\u2019Oc. Saulainais un siltais klimats Sauvignon Blanc \u0161\u0137irnes v\u012bnogai piedod sabalans\u0113tu un struktur\u0113tu citrusaug\u013cu saldenumu un svaigumu gar\u0161\u0101. V\u012bna kr\u0101sa ir salmu dzletena un arom\u0101t\u0101 izteiktas za\u013cumu, upe\u0146u lapu, melones un \u0113rk\u0161\u0137ogu notis. Ieteicams pasniegt 10\u00b0C temperat\u016br\u0101. Labi sader ar da\u017e\u0101d\u0101m vasarai rakstur\u012bg\u0101m uzkod\u0101m vai grill\u0113t\u0101m ziv\u012bm, ide\u0101li der\u0113s ar\u012b pasnieg\u0161anai k\u0101 aperat\u012bvs.<\/p>\n","protected":false},"excerpt":{"rendered":"<p>Sauss baltv\u012bns Les Petites Arcades Pays D\u2019Oc Sauvignon Blanc no Francijas saulain\u0101 re\u0123iona IGP Pays D\u2019Oc. Saulainais un siltais klimats Sauvignon Blanc \u0161\u0137irnes v\u012bnogai piedod sabalans\u0113tu un struktur\u0113tu citrusaug\u013cu saldenumu...<\/p>\n","protected":false},"featured_media":5766,"template":"","meta":[],"product_cat":[418,419],"product_tag":[],"acf":[],"_links":{"self":[{"href":"https:\/\/amberdistribution.lv\/lv\/wp-json\/wp\/v2\/product\/5765"}],"collection":[{"href":"https:\/\/amberdistribution.lv\/lv\/wp-json\/wp\/v2\/product"}],"about":[{"href":"https:\/\/amberdistribution.lv\/lv\/wp-json\/wp\/v2\/types\/product"}],"wp:featuredmedia":[{"embeddable":true,"href":"https:\/\/amberdistribution.lv\/lv\/wp-json\/wp\/v2\/media\/5766"}],"wp:attachment":[{"href":"https:\/\/amberdistribution.lv\/lv\/wp-json\/wp\/v2\/media?parent=5765"}],"wp:term":[{"taxonomy":"product_cat","embeddable":true,"href":"https:\/\/amberdistribution.lv\/lv\/wp-json\/wp\/v2\/product_cat?post=5765"},{"taxonomy":"product_tag","embeddable":true,"href":"https:\/\/amberdistribution.lv\/lv\/wp-json\/wp\/v2\/product_tag?post=5765"}],"curies":[{"name":"wp","href":"https:\/\/api.w.org\/{rel}","templated":true}]}}