{"id":5802,"date":"2023-06-14T12:23:44","date_gmt":"2023-06-14T12:23:44","guid":{"rendered":"https:\/\/amberdistribution.lv\/?post_type=product&#038;p=5802"},"modified":"2023-06-14T12:23:46","modified_gmt":"2023-06-14T12:23:46","slug":"wolfberger-gewurztraminer-vendanges-tardives","status":"publish","type":"product","link":"https:\/\/amberdistribution.lv\/lv\/product\/wolfberger-gewurztraminer-vendanges-tardives\/","title":{"rendered":"Wolfberger Gewurztraminer Vendanges Tardives"},"content":{"rendered":"<p>V\u0113l\u0101s ra\u017eas deserta baltv\u012bns ar svaigiem aug\u013cainiem citronu un cidoniju suk\u0101\u017eu arom\u0101tiem, viegl\u0101m za\u013c\u0101s t\u0113jas, ziedu un \u0101bolu not\u012bm, lieliski sabalans\u0113tu gar\u0161u in ilgsto\u0161u p\u0113cgar\u0161u, \u00a0kur\u0101 j\u016btami sacukuroti citroni, persiki s\u012brup\u0101, mandar\u012bni, ananasi un pipark\u016bku notis. \u00a0Ieteicams pasniegt atdzes\u0113tu l\u012bdz 8-10 gr\u0101du tremperat\u016brai. Lieliski sader\u0113s ar desertiem.<\/p>\n","protected":false},"excerpt":{"rendered":"<p>V\u0113l\u0101s ra\u017eas deserta baltv\u012bns ar svaigiem aug\u013cainiem citronu un cidoniju suk\u0101\u017eu arom\u0101tiem, viegl\u0101m za\u013c\u0101s t\u0113jas, ziedu un \u0101bolu not\u012bm, lieliski sabalans\u0113tu gar\u0161u in ilgsto\u0161u p\u0113cgar\u0161u, \u00a0kur\u0101 j\u016btami sacukuroti citroni, persiki...<\/p>\n","protected":false},"featured_media":5803,"template":"","meta":[],"product_cat":[418,419],"product_tag":[],"acf":[],"_links":{"self":[{"href":"https:\/\/amberdistribution.lv\/lv\/wp-json\/wp\/v2\/product\/5802"}],"collection":[{"href":"https:\/\/amberdistribution.lv\/lv\/wp-json\/wp\/v2\/product"}],"about":[{"href":"https:\/\/amberdistribution.lv\/lv\/wp-json\/wp\/v2\/types\/product"}],"wp:featuredmedia":[{"embeddable":true,"href":"https:\/\/amberdistribution.lv\/lv\/wp-json\/wp\/v2\/media\/5803"}],"wp:attachment":[{"href":"https:\/\/amberdistribution.lv\/lv\/wp-json\/wp\/v2\/media?parent=5802"}],"wp:term":[{"taxonomy":"product_cat","embeddable":true,"href":"https:\/\/amberdistribution.lv\/lv\/wp-json\/wp\/v2\/product_cat?post=5802"},{"taxonomy":"product_tag","embeddable":true,"href":"https:\/\/amberdistribution.lv\/lv\/wp-json\/wp\/v2\/product_tag?post=5802"}],"curies":[{"name":"wp","href":"https:\/\/api.w.org\/{rel}","templated":true}]}}