{"id":5825,"date":"2023-07-19T09:53:48","date_gmt":"2023-07-19T09:53:48","guid":{"rendered":"https:\/\/amberdistribution.lv\/?post_type=product&#038;p=5825"},"modified":"2023-07-19T09:54:15","modified_gmt":"2023-07-19T09:54:15","slug":"bad-brothers-pinotage","status":"publish","type":"product","link":"https:\/\/amberdistribution.lv\/lv\/product\/bad-brothers-pinotage\/","title":{"rendered":"Bad Brothers Pinotage"},"content":{"rendered":"<p>Bad Brothers Pinotage ir sausais sarkanv\u012bns no Dienvid\u0101frikas, Western Cape, Robertson ielejas gatavots no Pinotage v\u012bnog\u0101m. V\u012bns nedaudz iztur\u0113ts ozolkoka muc\u0101s, rakstur\u012bgi izteiksm\u012bgi pl\u016bmju un gatavu sarkano ogu arom\u0101ti un gar\u0161a, samtaini, sabalans\u0113ti tan\u012bni. Viegli dzerams v\u012bns, kas br\u012bni\u0161\u0137\u012bgi sader\u0113s ar ga\u013cas \u0113dieniem, pastu, iztur\u0113tiem sieriem.<\/p>\n","protected":false},"excerpt":{"rendered":"<p>Bad Brothers Pinotage ir sausais sarkanv\u012bns no Dienvid\u0101frikas, Western Cape, Robertson ielejas gatavots no Pinotage v\u012bnog\u0101m. V\u012bns nedaudz iztur\u0113ts ozolkoka muc\u0101s, rakstur\u012bgi izteiksm\u012bgi pl\u016bmju un gatavu sarkano ogu arom\u0101ti un...<\/p>\n","protected":false},"featured_media":5826,"template":"","meta":[],"product_cat":[418,427],"product_tag":[],"acf":[],"_links":{"self":[{"href":"https:\/\/amberdistribution.lv\/lv\/wp-json\/wp\/v2\/product\/5825"}],"collection":[{"href":"https:\/\/amberdistribution.lv\/lv\/wp-json\/wp\/v2\/product"}],"about":[{"href":"https:\/\/amberdistribution.lv\/lv\/wp-json\/wp\/v2\/types\/product"}],"wp:featuredmedia":[{"embeddable":true,"href":"https:\/\/amberdistribution.lv\/lv\/wp-json\/wp\/v2\/media\/5826"}],"wp:attachment":[{"href":"https:\/\/amberdistribution.lv\/lv\/wp-json\/wp\/v2\/media?parent=5825"}],"wp:term":[{"taxonomy":"product_cat","embeddable":true,"href":"https:\/\/amberdistribution.lv\/lv\/wp-json\/wp\/v2\/product_cat?post=5825"},{"taxonomy":"product_tag","embeddable":true,"href":"https:\/\/amberdistribution.lv\/lv\/wp-json\/wp\/v2\/product_tag?post=5825"}],"curies":[{"name":"wp","href":"https:\/\/api.w.org\/{rel}","templated":true}]}}