{"id":5831,"date":"2023-07-19T10:05:26","date_gmt":"2023-07-19T10:05:26","guid":{"rendered":"https:\/\/amberdistribution.lv\/?post_type=product&#038;p=5831"},"modified":"2024-08-14T07:21:59","modified_gmt":"2024-08-14T07:21:59","slug":"busy-bee-chenin-blanc-roussanne","status":"publish","type":"product","link":"https:\/\/amberdistribution.lv\/lv\/product\/busy-bee-chenin-blanc-roussanne\/","title":{"rendered":"Busy Bee Chenin Blanc - Roussanne"},"content":{"rendered":"<p>Busy Bee Chenin Blanc - Roussanne ir sausais baltv\u012bns no Dienvid\u0101frikas, Paardeberg, Swartland gatavots no 98% Chenin Blanc, 2% Roussanne v\u012bnog\u0101m. Svaigs, aug\u013cains v\u012bns ar viegl\u0101m bumbieru un apriko\u017eu not\u012bm. Lieliski sader\u0113s ar j\u016bras velt\u0113m, putna ga\u013cas \u0113dieniem un kariju.<\/p>\n","protected":false},"excerpt":{"rendered":"<p>Busy Bee Chenin Blanc - Roussanne ir sausais baltv\u012bns no Dienvid\u0101frikas, Paardeberg, Swartland gatavots no 98% Chenin Blanc, 2% Roussanne v\u012bnog\u0101m. Svaigs, aug\u013cains v\u012bns ar viegl\u0101m bumbieru un apriko\u017eu not\u012bm....<\/p>\n","protected":false},"featured_media":5980,"template":"","meta":[],"product_cat":[418,427],"product_tag":[],"acf":[],"_links":{"self":[{"href":"https:\/\/amberdistribution.lv\/lv\/wp-json\/wp\/v2\/product\/5831"}],"collection":[{"href":"https:\/\/amberdistribution.lv\/lv\/wp-json\/wp\/v2\/product"}],"about":[{"href":"https:\/\/amberdistribution.lv\/lv\/wp-json\/wp\/v2\/types\/product"}],"wp:featuredmedia":[{"embeddable":true,"href":"https:\/\/amberdistribution.lv\/lv\/wp-json\/wp\/v2\/media\/5980"}],"wp:attachment":[{"href":"https:\/\/amberdistribution.lv\/lv\/wp-json\/wp\/v2\/media?parent=5831"}],"wp:term":[{"taxonomy":"product_cat","embeddable":true,"href":"https:\/\/amberdistribution.lv\/lv\/wp-json\/wp\/v2\/product_cat?post=5831"},{"taxonomy":"product_tag","embeddable":true,"href":"https:\/\/amberdistribution.lv\/lv\/wp-json\/wp\/v2\/product_tag?post=5831"}],"curies":[{"name":"wp","href":"https:\/\/api.w.org\/{rel}","templated":true}]}}