{"id":5834,"date":"2023-07-19T10:16:23","date_gmt":"2023-07-19T10:16:23","guid":{"rendered":"https:\/\/amberdistribution.lv\/?post_type=product&#038;p=5834"},"modified":"2024-08-14T07:21:42","modified_gmt":"2024-08-14T07:21:42","slug":"busy-bee-shiraz-mourvedre-viognier","status":"publish","type":"product","link":"https:\/\/amberdistribution.lv\/lv\/product\/busy-bee-shiraz-mourvedre-viognier\/","title":{"rendered":"Busy Bee Shiraz - Mourvedre - Viognier"},"content":{"rendered":"<p>Busy Bee Shiraz - Mourvedre - Viognier ir sausais sarkanv\u012bns no Dienvid\u0101frikas, Paardeberg, Swartland, gatavots no 50% Shiraz, 40% Mourvedre, 10% Viognier. Rakstur\u012bgi gatavu pl\u016bmju, gar\u0161vielu, kaze\u0146u un ziedu arom\u0101ti. Eleganta, bagat\u012bga gar\u0161a ar sp\u0113c\u012bg\u0101m \u0137ir\u0161u not\u012bm. Lieliski sabalans\u0113ts v\u012bns ar maigiem tan\u012bniem un vieglu vani\u013cas niansi. V\u012bns iztur\u0113ts ozolkoka muc\u0101s. Lieliski sader\u0113s ar j\u0113ra ga\u013cu, vistas \u0113dieniem, s\u0113\u0146u p\u012br\u0101gu.<\/p>\n","protected":false},"excerpt":{"rendered":"<p>Busy Bee Shiraz - Mourvedre - Viognier ir sausais sarkanv\u012bns no Dienvid\u0101frikas, Paardeberg, Swartland, gatavots no 50% Shiraz, 40% Mourvedre, 10% Viognier. Rakstur\u012bgi gatavu pl\u016bmju, gar\u0161vielu, kaze\u0146u un ziedu arom\u0101ti....<\/p>\n","protected":false},"featured_media":5982,"template":"","meta":[],"product_cat":[418,427],"product_tag":[],"acf":[],"_links":{"self":[{"href":"https:\/\/amberdistribution.lv\/lv\/wp-json\/wp\/v2\/product\/5834"}],"collection":[{"href":"https:\/\/amberdistribution.lv\/lv\/wp-json\/wp\/v2\/product"}],"about":[{"href":"https:\/\/amberdistribution.lv\/lv\/wp-json\/wp\/v2\/types\/product"}],"wp:featuredmedia":[{"embeddable":true,"href":"https:\/\/amberdistribution.lv\/lv\/wp-json\/wp\/v2\/media\/5982"}],"wp:attachment":[{"href":"https:\/\/amberdistribution.lv\/lv\/wp-json\/wp\/v2\/media?parent=5834"}],"wp:term":[{"taxonomy":"product_cat","embeddable":true,"href":"https:\/\/amberdistribution.lv\/lv\/wp-json\/wp\/v2\/product_cat?post=5834"},{"taxonomy":"product_tag","embeddable":true,"href":"https:\/\/amberdistribution.lv\/lv\/wp-json\/wp\/v2\/product_tag?post=5834"}],"curies":[{"name":"wp","href":"https:\/\/api.w.org\/{rel}","templated":true}]}}