{"id":5837,"date":"2023-07-19T10:30:30","date_gmt":"2023-07-19T10:30:30","guid":{"rendered":"https:\/\/amberdistribution.lv\/?post_type=product&#038;p=5837"},"modified":"2024-08-14T07:21:17","modified_gmt":"2024-08-14T07:21:17","slug":"busy-bee-pinotage","status":"publish","type":"product","link":"https:\/\/amberdistribution.lv\/lv\/product\/busy-bee-pinotage\/","title":{"rendered":"Busy Bee Pinotage"},"content":{"rendered":"<p>Busy Bee Pinotage ir sausais sarkanv\u012bns no Dienvid\u0101frikas, Paardeberg, Swartland gatavots no Pinotage v\u012bnog\u0101m. Rakstur\u012bgs tum\u0161i sarkans tonis, izteiksm\u012bgi Pinotage arom\u0101ti ar melle\u0146u, zeme\u0146u, \u0161okol\u0101des arom\u0101tiem, pipariem, viegl\u0101m ziedu not\u012bm. Bag\u0101t\u012bga gar\u0161a, noapa\u013cota aug\u013cu un gar\u0161vielu bu\u0137ete. V\u012bns lieliski sader\u0113s ar ga\u013cas \u0113dieniem, pastu, iztur\u0113tiem sieriem.<\/p>\n","protected":false},"excerpt":{"rendered":"<p>Busy Bee Pinotage ir sausais sarkanv\u012bns no Dienvid\u0101frikas, Paardeberg, Swartland gatavots no Pinotage v\u012bnog\u0101m. Rakstur\u012bgs tum\u0161i sarkans tonis, izteiksm\u012bgi Pinotage arom\u0101ti ar melle\u0146u, zeme\u0146u, \u0161okol\u0101des arom\u0101tiem, pipariem, viegl\u0101m ziedu not\u012bm....<\/p>\n","protected":false},"featured_media":5996,"template":"","meta":[],"product_cat":[418,427],"product_tag":[],"acf":[],"_links":{"self":[{"href":"https:\/\/amberdistribution.lv\/lv\/wp-json\/wp\/v2\/product\/5837"}],"collection":[{"href":"https:\/\/amberdistribution.lv\/lv\/wp-json\/wp\/v2\/product"}],"about":[{"href":"https:\/\/amberdistribution.lv\/lv\/wp-json\/wp\/v2\/types\/product"}],"wp:featuredmedia":[{"embeddable":true,"href":"https:\/\/amberdistribution.lv\/lv\/wp-json\/wp\/v2\/media\/5996"}],"wp:attachment":[{"href":"https:\/\/amberdistribution.lv\/lv\/wp-json\/wp\/v2\/media?parent=5837"}],"wp:term":[{"taxonomy":"product_cat","embeddable":true,"href":"https:\/\/amberdistribution.lv\/lv\/wp-json\/wp\/v2\/product_cat?post=5837"},{"taxonomy":"product_tag","embeddable":true,"href":"https:\/\/amberdistribution.lv\/lv\/wp-json\/wp\/v2\/product_tag?post=5837"}],"curies":[{"name":"wp","href":"https:\/\/api.w.org\/{rel}","templated":true}]}}