{"id":5840,"date":"2023-07-19T10:38:36","date_gmt":"2023-07-19T10:38:36","guid":{"rendered":"https:\/\/amberdistribution.lv\/?post_type=product&#038;p=5840"},"modified":"2023-07-19T10:39:11","modified_gmt":"2023-07-19T10:39:11","slug":"musti-nobilis-millesimato-extra-dry","status":"publish","type":"product","link":"https:\/\/amberdistribution.lv\/lv\/product\/musti-nobilis-millesimato-extra-dry\/","title":{"rendered":"Musti Nobilis Millesimato Extra Dry"},"content":{"rendered":"<p>Musti Nobilis Millesimato Extra Dry ir gatavots no v\u012bnog\u0101m, kas augu\u0161as Treviso re\u0123ion\u0101. Bu\u0137et\u0113 domin\u0113 persiku un za\u013co \u0101bolu arom\u0101ti. Ieteicams pasniegt atdzes\u0113tu.<\/p>\n","protected":false},"excerpt":{"rendered":"<p>Musti Nobilis Millesimato Extra Dry ir gatavots no v\u012bnog\u0101m, kas augu\u0161as Treviso re\u0123ion\u0101. Bu\u0137et\u0113 domin\u0113 persiku un za\u013co \u0101bolu arom\u0101ti. Ieteicams pasniegt atdzes\u0113tu.<\/p>\n","protected":false},"featured_media":5841,"template":"","meta":[],"product_cat":[416],"product_tag":[],"acf":[],"_links":{"self":[{"href":"https:\/\/amberdistribution.lv\/lv\/wp-json\/wp\/v2\/product\/5840"}],"collection":[{"href":"https:\/\/amberdistribution.lv\/lv\/wp-json\/wp\/v2\/product"}],"about":[{"href":"https:\/\/amberdistribution.lv\/lv\/wp-json\/wp\/v2\/types\/product"}],"wp:featuredmedia":[{"embeddable":true,"href":"https:\/\/amberdistribution.lv\/lv\/wp-json\/wp\/v2\/media\/5841"}],"wp:attachment":[{"href":"https:\/\/amberdistribution.lv\/lv\/wp-json\/wp\/v2\/media?parent=5840"}],"wp:term":[{"taxonomy":"product_cat","embeddable":true,"href":"https:\/\/amberdistribution.lv\/lv\/wp-json\/wp\/v2\/product_cat?post=5840"},{"taxonomy":"product_tag","embeddable":true,"href":"https:\/\/amberdistribution.lv\/lv\/wp-json\/wp\/v2\/product_tag?post=5840"}],"curies":[{"name":"wp","href":"https:\/\/api.w.org\/{rel}","templated":true}]}}