{"id":5871,"date":"2023-08-01T14:11:06","date_gmt":"2023-08-01T14:11:06","guid":{"rendered":"https:\/\/amberdistribution.lv\/?post_type=product&#038;p=5871"},"modified":"2024-08-14T07:20:59","modified_gmt":"2024-08-14T07:20:59","slug":"soligo-prosecco-doc-treviso-brut","status":"publish","type":"product","link":"https:\/\/amberdistribution.lv\/lv\/product\/soligo-prosecco-doc-treviso-brut\/","title":{"rendered":"Soligo Prosecco DOC Treviso Brut"},"content":{"rendered":"<p>Izcilas kvalit\u0101tes dzirksto\u0161ais v\u012bns no Glera v\u012bnog\u0101m, kas audz\u0113tas Treviso re\u0123ion\u0101. Arom\u0101t\u0101 dzelteno \u0101bolu un greipfr\u016btu notis, pat\u012bkama mineralit\u0101te ar ak\u0101cijas ziedu un citrusu nians\u0113m. Lielisks aperit\u012bvs, sader\u0113s arj\u016bras vet\u0113m, pastu, uzkod\u0101m, sal\u0101tiem. Cukurs 10g\/L. Ieteicams pasniegt \u00a0atdzes\u0113tu l\u012bdz 4-6 \u00b0C. V\u012bns apbalvots ar zelta un sudraba meda\u013c\u0101m starptautiskos konkursos, tai skait\u0101 IWC.<\/p>\n","protected":false},"excerpt":{"rendered":"<p>Izcilas kvalit\u0101tes dzirksto\u0161ais v\u012bns no Glera v\u012bnog\u0101m, kas audz\u0113tas Treviso re\u0123ion\u0101. Arom\u0101t\u0101 dzelteno \u0101bolu un greipfr\u016btu notis, pat\u012bkama mineralit\u0101te ar ak\u0101cijas ziedu un citrusu nians\u0113m. Lielisks aperit\u012bvs, sader\u0113s arj\u016bras vet\u0113m,...<\/p>\n","protected":false},"featured_media":6041,"template":"","meta":[],"product_cat":[416],"product_tag":[],"acf":[],"_links":{"self":[{"href":"https:\/\/amberdistribution.lv\/lv\/wp-json\/wp\/v2\/product\/5871"}],"collection":[{"href":"https:\/\/amberdistribution.lv\/lv\/wp-json\/wp\/v2\/product"}],"about":[{"href":"https:\/\/amberdistribution.lv\/lv\/wp-json\/wp\/v2\/types\/product"}],"wp:featuredmedia":[{"embeddable":true,"href":"https:\/\/amberdistribution.lv\/lv\/wp-json\/wp\/v2\/media\/6041"}],"wp:attachment":[{"href":"https:\/\/amberdistribution.lv\/lv\/wp-json\/wp\/v2\/media?parent=5871"}],"wp:term":[{"taxonomy":"product_cat","embeddable":true,"href":"https:\/\/amberdistribution.lv\/lv\/wp-json\/wp\/v2\/product_cat?post=5871"},{"taxonomy":"product_tag","embeddable":true,"href":"https:\/\/amberdistribution.lv\/lv\/wp-json\/wp\/v2\/product_tag?post=5871"}],"curies":[{"name":"wp","href":"https:\/\/api.w.org\/{rel}","templated":true}]}}