{"id":5878,"date":"2023-08-01T14:21:49","date_gmt":"2023-08-01T14:21:49","guid":{"rendered":"https:\/\/amberdistribution.lv\/?post_type=product&#038;p=5878"},"modified":"2024-08-14T07:20:06","modified_gmt":"2024-08-14T07:20:06","slug":"col-de-mez-valdobbiadene-prosecco-superiore-docg-extra-dry","status":"publish","type":"product","link":"https:\/\/amberdistribution.lv\/lv\/product\/col-de-mez-valdobbiadene-prosecco-superiore-docg-extra-dry\/","title":{"rendered":"Col de Mez Valdobbiadene Prosecco Superiore DOCG Extra Dry"},"content":{"rendered":"<p>Elegants izcilas kvalit\u0101tes dzirksto\u0161ais v\u012bns no Glera v\u012bnog\u0101m, kas audz\u0113tas lab\u0101kaj\u0101s Valdobbiadene nog\u0101z\u0113s. Arom\u0101t\u0101 maigi balto ziedu un eksotisko aug\u013cu arom\u0101ti, pat\u012bkama mineralit\u0101te ar viegl\u0101m citrusu nians\u0113m nosl\u0113gum\u0101. Lielisks aperit\u012bvs, sader\u0113s ar sal\u0101tiem, ziv\u012bm,\u00a0 d\u0101rze\u0146u \u0113dieniem, nesaldiem desertiem. Cukurs 16g\/L. Ieteicams pasniegt \u00a0atdzes\u0113tu l\u012bdz 4-6 \u00b0C. V\u012bns ar daudziem starptautiskiem apbalvojumiem, tai skait\u0101 ieguvis sudraba meda\u013cu konkurs\u0101 \u201c50 lab\u0101kie pasaules dzirksto\u0161ie v\u012bni\u201d.<\/p>\n","protected":false},"excerpt":{"rendered":"<p>Elegants izcilas kvalit\u0101tes dzirksto\u0161ais v\u012bns no Glera v\u012bnog\u0101m, kas audz\u0113tas lab\u0101kaj\u0101s Valdobbiadene nog\u0101z\u0113s. Arom\u0101t\u0101 maigi balto ziedu un eksotisko aug\u013cu arom\u0101ti, pat\u012bkama mineralit\u0101te ar viegl\u0101m citrusu nians\u0113m nosl\u0113gum\u0101. Lielisks aperit\u012bvs,...<\/p>\n","protected":false},"featured_media":6031,"template":"","meta":[],"product_cat":[416],"product_tag":[],"acf":[],"_links":{"self":[{"href":"https:\/\/amberdistribution.lv\/lv\/wp-json\/wp\/v2\/product\/5878"}],"collection":[{"href":"https:\/\/amberdistribution.lv\/lv\/wp-json\/wp\/v2\/product"}],"about":[{"href":"https:\/\/amberdistribution.lv\/lv\/wp-json\/wp\/v2\/types\/product"}],"wp:featuredmedia":[{"embeddable":true,"href":"https:\/\/amberdistribution.lv\/lv\/wp-json\/wp\/v2\/media\/6031"}],"wp:attachment":[{"href":"https:\/\/amberdistribution.lv\/lv\/wp-json\/wp\/v2\/media?parent=5878"}],"wp:term":[{"taxonomy":"product_cat","embeddable":true,"href":"https:\/\/amberdistribution.lv\/lv\/wp-json\/wp\/v2\/product_cat?post=5878"},{"taxonomy":"product_tag","embeddable":true,"href":"https:\/\/amberdistribution.lv\/lv\/wp-json\/wp\/v2\/product_tag?post=5878"}],"curies":[{"name":"wp","href":"https:\/\/api.w.org\/{rel}","templated":true}]}}