{"id":5884,"date":"2023-08-01T14:30:42","date_gmt":"2023-08-01T14:30:42","guid":{"rendered":"https:\/\/amberdistribution.lv\/?post_type=product&#038;p=5884"},"modified":"2024-08-14T07:20:19","modified_gmt":"2024-08-14T07:20:19","slug":"solicum-valdobbiadene-prosecco-superiore-docg-rive-di-soligo-millesimato-2020-extra-brut","status":"publish","type":"product","link":"https:\/\/amberdistribution.lv\/lv\/product\/solicum-valdobbiadene-prosecco-superiore-docg-rive-di-soligo-millesimato-2020-extra-brut\/","title":{"rendered":"Solicum Valdobbiadene Prosecco Superiore DOCG Rive di Soligo Millesimato 2020 Extra Brut"},"content":{"rendered":"<p>Elegants, premium kvalit\u0101tes dzirksto\u0161ais v\u012bns no Glera v\u012bnog\u0101m, kas audz\u0113tas nelielaj\u0101\u00a0 Rive mikrozon\u0101. Bag\u0101t\u012bgi un eleganti za\u013co \u0101bolu un citrusaug\u013cu arom\u0101ti ar viegl\u0101mpersiku not\u012bm, smalkas burbul\u012b\u0161u virtenes, ilgsto\u0161a, maiga p\u0113cgar\u0161a. Cukurs 3g\/L. Ieteicams pasniegt \u00a0atdzes\u0113tu l\u012bdz 4-6 \u00b0C.<\/p>\n","protected":false},"excerpt":{"rendered":"<p>Elegants, premium kvalit\u0101tes dzirksto\u0161ais v\u012bns no Glera v\u012bnog\u0101m, kas audz\u0113tas nelielaj\u0101\u00a0 Rive mikrozon\u0101. Bag\u0101t\u012bgi un eleganti za\u013co \u0101bolu un citrusaug\u013cu arom\u0101ti ar viegl\u0101mpersiku not\u012bm, smalkas burbul\u012b\u0161u virtenes, ilgsto\u0161a, maiga p\u0113cgar\u0161a....<\/p>\n","protected":false},"featured_media":6037,"template":"","meta":[],"product_cat":[416],"product_tag":[],"acf":[],"_links":{"self":[{"href":"https:\/\/amberdistribution.lv\/lv\/wp-json\/wp\/v2\/product\/5884"}],"collection":[{"href":"https:\/\/amberdistribution.lv\/lv\/wp-json\/wp\/v2\/product"}],"about":[{"href":"https:\/\/amberdistribution.lv\/lv\/wp-json\/wp\/v2\/types\/product"}],"wp:featuredmedia":[{"embeddable":true,"href":"https:\/\/amberdistribution.lv\/lv\/wp-json\/wp\/v2\/media\/6037"}],"wp:attachment":[{"href":"https:\/\/amberdistribution.lv\/lv\/wp-json\/wp\/v2\/media?parent=5884"}],"wp:term":[{"taxonomy":"product_cat","embeddable":true,"href":"https:\/\/amberdistribution.lv\/lv\/wp-json\/wp\/v2\/product_cat?post=5884"},{"taxonomy":"product_tag","embeddable":true,"href":"https:\/\/amberdistribution.lv\/lv\/wp-json\/wp\/v2\/product_tag?post=5884"}],"curies":[{"name":"wp","href":"https:\/\/api.w.org\/{rel}","templated":true}]}}