{"id":5892,"date":"2023-08-02T11:06:35","date_gmt":"2023-08-02T11:06:35","guid":{"rendered":"https:\/\/amberdistribution.lv\/?post_type=product&#038;p=5892"},"modified":"2023-08-02T11:07:24","modified_gmt":"2023-08-02T11:07:24","slug":"boizel-brut-reserve","status":"publish","type":"product","link":"https:\/\/amberdistribution.lv\/lv\/product\/boizel-brut-reserve\/","title":{"rendered":"Boizel Brut Reserve"},"content":{"rendered":"<p>\u0160ampanietis no 40% Pinot Noir 35% Chardonnay 25% Meunier, iztur\u0113ts 3 gadus, doz\u0101\u017ea 7g, 40% reserva v\u012bni. \u0160ampanietis ar viegliem balto ziedu arom\u0101tiem, aug\u013cain\u0101m persiku un apriko\u017eu not\u012bm, citrusiem un svaigi ceptu smalkmaiz\u012b\u0161u arom\u0101tiem, palet\u0113 cukurotu bumbieru un ak\u0101ciju medus notis. Lielisks aperit\u012bvs k\u0101 ari kop\u0101 ar j\u016bras velt\u0113m un gril\u0113t\u0101m ziv\u012bm. 2020. gad\u0101 Boizel Brut apbalvots ar Decanter Plat\u012bna meda\u013cu.<\/p>\n","protected":false},"excerpt":{"rendered":"<p>\u0160ampanietis no 40% Pinot Noir 35% Chardonnay 25% Meunier, iztur\u0113ts 3 gadus, doz\u0101\u017ea 7g, 40% reserva v\u012bni. \u0160ampanietis ar viegliem balto ziedu arom\u0101tiem, aug\u013cain\u0101m persiku un apriko\u017eu not\u012bm, citrusiem un...<\/p>\n","protected":false},"featured_media":5893,"template":"","meta":[],"product_cat":[417],"product_tag":[],"acf":[],"_links":{"self":[{"href":"https:\/\/amberdistribution.lv\/lv\/wp-json\/wp\/v2\/product\/5892"}],"collection":[{"href":"https:\/\/amberdistribution.lv\/lv\/wp-json\/wp\/v2\/product"}],"about":[{"href":"https:\/\/amberdistribution.lv\/lv\/wp-json\/wp\/v2\/types\/product"}],"wp:featuredmedia":[{"embeddable":true,"href":"https:\/\/amberdistribution.lv\/lv\/wp-json\/wp\/v2\/media\/5893"}],"wp:attachment":[{"href":"https:\/\/amberdistribution.lv\/lv\/wp-json\/wp\/v2\/media?parent=5892"}],"wp:term":[{"taxonomy":"product_cat","embeddable":true,"href":"https:\/\/amberdistribution.lv\/lv\/wp-json\/wp\/v2\/product_cat?post=5892"},{"taxonomy":"product_tag","embeddable":true,"href":"https:\/\/amberdistribution.lv\/lv\/wp-json\/wp\/v2\/product_tag?post=5892"}],"curies":[{"name":"wp","href":"https:\/\/api.w.org\/{rel}","templated":true}]}}