{"id":5902,"date":"2023-08-02T11:13:41","date_gmt":"2023-08-02T11:13:41","guid":{"rendered":"https:\/\/amberdistribution.lv\/?post_type=product&#038;p=5902"},"modified":"2023-08-02T11:13:43","modified_gmt":"2023-08-02T11:13:43","slug":"boizel-rose-absolu","status":"publish","type":"product","link":"https:\/\/amberdistribution.lv\/lv\/product\/boizel-rose-absolu\/","title":{"rendered":"Boizel Rose Absolu"},"content":{"rendered":"<p>\u0160ampanietis no 40% Pinot Noir, 30% Chardonnay, 30% Meunier, iztur\u0113ts 3 gadus, doz\u0101\u017ea 7g, 30% reserva v\u012bni. \u0160ampanietis ar izsmalcin\u0101tiem me\u017ea zeme\u0146u un \u0137ir\u0161u arom\u0101tiem, izteiksm\u012bgi svaigu gar\u0161u ar ave\u0146u, citrusu not\u012bm, pat\u012bkamu mineralit\u0101ti un ilgsto\u0161u p\u0113cgar\u0161u. Ide\u0101ls vasaras aperit\u012bvs, lieliski sader\u0113s ar aukst\u0101m ga\u013cas uzkod\u0101m, j\u0113ru, desertiem ar sarkanaj\u0101m og\u0101m. Decanter 2021. gad\u0101 nov\u0113rt\u0113jis ar 93 punktiem no 100.<\/p>\n","protected":false},"excerpt":{"rendered":"<p>\u0160ampanietis no 40% Pinot Noir, 30% Chardonnay, 30% Meunier, iztur\u0113ts 3 gadus, doz\u0101\u017ea 7g, 30% reserva v\u012bni. \u0160ampanietis ar izsmalcin\u0101tiem me\u017ea zeme\u0146u un \u0137ir\u0161u arom\u0101tiem, izteiksm\u012bgi svaigu gar\u0161u ar ave\u0146u,...<\/p>\n","protected":false},"featured_media":5903,"template":"","meta":[],"product_cat":[417],"product_tag":[],"acf":[],"_links":{"self":[{"href":"https:\/\/amberdistribution.lv\/lv\/wp-json\/wp\/v2\/product\/5902"}],"collection":[{"href":"https:\/\/amberdistribution.lv\/lv\/wp-json\/wp\/v2\/product"}],"about":[{"href":"https:\/\/amberdistribution.lv\/lv\/wp-json\/wp\/v2\/types\/product"}],"wp:featuredmedia":[{"embeddable":true,"href":"https:\/\/amberdistribution.lv\/lv\/wp-json\/wp\/v2\/media\/5903"}],"wp:attachment":[{"href":"https:\/\/amberdistribution.lv\/lv\/wp-json\/wp\/v2\/media?parent=5902"}],"wp:term":[{"taxonomy":"product_cat","embeddable":true,"href":"https:\/\/amberdistribution.lv\/lv\/wp-json\/wp\/v2\/product_cat?post=5902"},{"taxonomy":"product_tag","embeddable":true,"href":"https:\/\/amberdistribution.lv\/lv\/wp-json\/wp\/v2\/product_tag?post=5902"}],"curies":[{"name":"wp","href":"https:\/\/api.w.org\/{rel}","templated":true}]}}