{"id":5905,"date":"2023-08-02T11:19:00","date_gmt":"2023-08-02T11:19:00","guid":{"rendered":"https:\/\/amberdistribution.lv\/?post_type=product&#038;p=5905"},"modified":"2023-08-02T11:19:01","modified_gmt":"2023-08-02T11:19:01","slug":"boizel-la-cote-blanc-de-blancs-premier-cru","status":"publish","type":"product","link":"https:\/\/amberdistribution.lv\/lv\/product\/boizel-la-cote-blanc-de-blancs-premier-cru\/","title":{"rendered":"Boizel La Cote Blanc de Blancs Premier Cru"},"content":{"rendered":"<p>\u0160ampanietis no 100% Chardonnay, iztur\u0113ts 3 gadus, doz\u0101\u017ea 6g, 20% reserva v\u012bni. V\u012bnogas audz\u0113tas tikai Grand un Premier Cru v\u012bna laukos Cote des Blancs un veido izteiksm\u012bgu kombin\u0101ciju -ziedu notis no Chouilly, mineralit\u0101te no Le Mesnil-sur-Oger, sp\u0113ks no Avize un elegance no Vertus. \u0160ampanietis ar ak\u0101cijas ziedu arom\u0101tiem, brio\u0161, medus un citrusu not\u012bm, z\u012bdainu tekst\u016bru, elegantu gar\u0161u ar lielisku mineralit\u0101ti, lazdu riekstu, geipfr\u016btu un grauzd\u0113tas maizes not\u012bm, svaigu un ilgsto\u0161u nosl\u0113gumu. Ide\u0101ls aperit\u012bvs, lieliski sader\u0113s ar bat\u0101s ga\u013cas \u0113dieniem, garnel\u0113m, gril\u0113t\u0101m ziv\u012bm.<\/p>\n","protected":false},"excerpt":{"rendered":"<p>\u0160ampanietis no 100% Chardonnay, iztur\u0113ts 3 gadus, doz\u0101\u017ea 6g, 20% reserva v\u012bni. V\u012bnogas audz\u0113tas tikai Grand un Premier Cru v\u012bna laukos Cote des Blancs un veido izteiksm\u012bgu kombin\u0101ciju -ziedu notis...<\/p>\n","protected":false},"featured_media":5906,"template":"","meta":[],"product_cat":[417],"product_tag":[],"acf":[],"_links":{"self":[{"href":"https:\/\/amberdistribution.lv\/lv\/wp-json\/wp\/v2\/product\/5905"}],"collection":[{"href":"https:\/\/amberdistribution.lv\/lv\/wp-json\/wp\/v2\/product"}],"about":[{"href":"https:\/\/amberdistribution.lv\/lv\/wp-json\/wp\/v2\/types\/product"}],"wp:featuredmedia":[{"embeddable":true,"href":"https:\/\/amberdistribution.lv\/lv\/wp-json\/wp\/v2\/media\/5906"}],"wp:attachment":[{"href":"https:\/\/amberdistribution.lv\/lv\/wp-json\/wp\/v2\/media?parent=5905"}],"wp:term":[{"taxonomy":"product_cat","embeddable":true,"href":"https:\/\/amberdistribution.lv\/lv\/wp-json\/wp\/v2\/product_cat?post=5905"},{"taxonomy":"product_tag","embeddable":true,"href":"https:\/\/amberdistribution.lv\/lv\/wp-json\/wp\/v2\/product_tag?post=5905"}],"curies":[{"name":"wp","href":"https:\/\/api.w.org\/{rel}","templated":true}]}}