{"id":5908,"date":"2023-08-02T11:21:41","date_gmt":"2023-08-02T11:21:41","guid":{"rendered":"https:\/\/amberdistribution.lv\/?post_type=product&#038;p=5908"},"modified":"2023-08-02T11:21:42","modified_gmt":"2023-08-02T11:21:42","slug":"boizel-la-montagne-blanc-de-noirs-premier-cru","status":"publish","type":"product","link":"https:\/\/amberdistribution.lv\/lv\/product\/boizel-la-montagne-blanc-de-noirs-premier-cru\/","title":{"rendered":"Boizel La Montagne Blanc de Noirs Premier Cru"},"content":{"rendered":"<p>\u0160ampanietis no 100% Pinot Noir no Cumieres, Mailly un Chignyles-Rose, iztur\u0113ts 3 gadus, doz\u0101\u017ea 6g, 20% reserva v\u012bni.\u00a0\u0160ampanietis ar bag\u0101t\u012bgiem gatavu bumbieru, sarkano ogu, apriko\u017eu un brio\u0161 arom\u0101tiem, svaigu, bag\u0101t\u012bgu gar\u0161u, harmonisk\u0101m aug\u013cu, smalkmaiz\u012b\u0161u un medus notim. Ide\u0101ls aperit\u012bvs, lieliski sader\u0113s ar putna ga\u013cas \u0113dieniem, me\u017ea s\u0113n\u0113m, maigi sagatavotu liellopa ga\u013cu, v\u012btin\u0101tu ga\u013cu.<\/p>\n","protected":false},"excerpt":{"rendered":"<p>\u0160ampanietis no 100% Pinot Noir no Cumieres, Mailly un Chignyles-Rose, iztur\u0113ts 3 gadus, doz\u0101\u017ea 6g, 20% reserva v\u012bni.\u00a0\u0160ampanietis ar bag\u0101t\u012bgiem gatavu bumbieru, sarkano ogu, apriko\u017eu un brio\u0161 arom\u0101tiem, svaigu, bag\u0101t\u012bgu...<\/p>\n","protected":false},"featured_media":5909,"template":"","meta":[],"product_cat":[417],"product_tag":[],"acf":[],"_links":{"self":[{"href":"https:\/\/amberdistribution.lv\/lv\/wp-json\/wp\/v2\/product\/5908"}],"collection":[{"href":"https:\/\/amberdistribution.lv\/lv\/wp-json\/wp\/v2\/product"}],"about":[{"href":"https:\/\/amberdistribution.lv\/lv\/wp-json\/wp\/v2\/types\/product"}],"wp:featuredmedia":[{"embeddable":true,"href":"https:\/\/amberdistribution.lv\/lv\/wp-json\/wp\/v2\/media\/5909"}],"wp:attachment":[{"href":"https:\/\/amberdistribution.lv\/lv\/wp-json\/wp\/v2\/media?parent=5908"}],"wp:term":[{"taxonomy":"product_cat","embeddable":true,"href":"https:\/\/amberdistribution.lv\/lv\/wp-json\/wp\/v2\/product_cat?post=5908"},{"taxonomy":"product_tag","embeddable":true,"href":"https:\/\/amberdistribution.lv\/lv\/wp-json\/wp\/v2\/product_tag?post=5908"}],"curies":[{"name":"wp","href":"https:\/\/api.w.org\/{rel}","templated":true}]}}