{"id":5911,"date":"2023-08-02T11:23:25","date_gmt":"2023-08-02T11:23:25","guid":{"rendered":"https:\/\/amberdistribution.lv\/?post_type=product&#038;p=5911"},"modified":"2023-08-02T11:23:27","modified_gmt":"2023-08-02T11:23:27","slug":"boizel-grand-vintage-2013","status":"publish","type":"product","link":"https:\/\/amberdistribution.lv\/lv\/product\/boizel-grand-vintage-2013\/","title":{"rendered":"Boizel Grand Vintage 2013"},"content":{"rendered":"<p>\u0160ampanietis no 60% Pinot Noir no Mailly, Chignyles-Roses, Vertus un 40% Chardonnay no Avize, Vertus un Cuis, iztur\u0113ts 8 gadus, doz\u0101\u017ea 4g. \u0160ampanietis ar \u00a0intens\u012bviem cidoniiju, medus, cukurotu aug\u013cu, apels\u012bna mizi\u0146as un brio\u0161 arom\u0101tiem,\u00a0 bag\u0101t\u012bgu un svaigu gar\u0161u, z\u012bdainu tekst\u016bru un perfektu mineralit\u0101ti. Lieliski sader\u0113s ar ceptu, mandel\u0113m un \u017e\u0101v\u0113t\u0101m pl\u016bm\u0113m pild\u012btu paipalu viegl\u0101 kr\u0113juma m\u0113rc\u0113, ar krauk\u0161\u0137\u012bgiem k\u0101rtain\u0101s m\u012bklas gardumiem, viegli apceptu foie gras ar persiku kompotu. James Suckling\u00a0 2022. gad\u0101 nov\u0113rt\u0113jis ar 92 punktiem no 100.<\/p>\n","protected":false},"excerpt":{"rendered":"<p>\u0160ampanietis no 60% Pinot Noir no Mailly, Chignyles-Roses, Vertus un 40% Chardonnay no Avize, Vertus un Cuis, iztur\u0113ts 8 gadus, doz\u0101\u017ea 4g. \u0160ampanietis ar \u00a0intens\u012bviem cidoniiju, medus, cukurotu aug\u013cu, apels\u012bna...<\/p>\n","protected":false},"featured_media":5912,"template":"","meta":[],"product_cat":[417],"product_tag":[],"acf":[],"_links":{"self":[{"href":"https:\/\/amberdistribution.lv\/lv\/wp-json\/wp\/v2\/product\/5911"}],"collection":[{"href":"https:\/\/amberdistribution.lv\/lv\/wp-json\/wp\/v2\/product"}],"about":[{"href":"https:\/\/amberdistribution.lv\/lv\/wp-json\/wp\/v2\/types\/product"}],"wp:featuredmedia":[{"embeddable":true,"href":"https:\/\/amberdistribution.lv\/lv\/wp-json\/wp\/v2\/media\/5912"}],"wp:attachment":[{"href":"https:\/\/amberdistribution.lv\/lv\/wp-json\/wp\/v2\/media?parent=5911"}],"wp:term":[{"taxonomy":"product_cat","embeddable":true,"href":"https:\/\/amberdistribution.lv\/lv\/wp-json\/wp\/v2\/product_cat?post=5911"},{"taxonomy":"product_tag","embeddable":true,"href":"https:\/\/amberdistribution.lv\/lv\/wp-json\/wp\/v2\/product_tag?post=5911"}],"curies":[{"name":"wp","href":"https:\/\/api.w.org\/{rel}","templated":true}]}}