{"id":5926,"date":"2023-08-21T08:47:20","date_gmt":"2023-08-21T08:47:20","guid":{"rendered":"https:\/\/amberdistribution.lv\/?post_type=product&#038;p=5926"},"modified":"2023-08-21T08:50:20","modified_gmt":"2023-08-21T08:50:20","slug":"a-de-arinzano-rosado-2","status":"publish","type":"product","link":"https:\/\/amberdistribution.lv\/lv\/product\/a-de-arinzano-rosado-2\/","title":{"rendered":"A De Arinzano Rosado"},"content":{"rendered":"<p><span style=\"color: var(--base);\">A De Arinzano Rosado ir sauss roz\u0101 v\u012bns no Tempranillo v\u012bnog\u0101m. Ekspres\u012bvs un elegants ar intens\u012bviem zeme\u0146u, roz\u0101 greipfr\u016btu, ro\u017eu un balto piparu arom\u0101tiem, palet\u0113 svaigs un elegants ar kr\u0113m\u012bgu strukt\u016bru, maigu un z\u012bdainu p\u0113cgar\u0161u.<\/span><\/p>\n<p>Ieteicams pasniegt atdzes\u0113tu k\u0101 aperit\u012bvu vai kop\u0101 ar viegl\u0101m uzkod\u0101m, j\u016bras velt\u0113m, putna ga\u013cu.<\/p>\n","protected":false},"excerpt":{"rendered":"<p>A De Arinzano Rosado ir sauss roz\u0101 v\u012bns no Tempranillo v\u012bnog\u0101m. Ekspres\u012bvs un elegants ar intens\u012bviem zeme\u0146u, roz\u0101 greipfr\u016btu, ro\u017eu un balto piparu arom\u0101tiem, palet\u0113 svaigs un elegants ar kr\u0113m\u012bgu...<\/p>\n","protected":false},"featured_media":5929,"template":"","meta":[],"product_cat":[418,421],"product_tag":[],"acf":[],"_links":{"self":[{"href":"https:\/\/amberdistribution.lv\/lv\/wp-json\/wp\/v2\/product\/5926"}],"collection":[{"href":"https:\/\/amberdistribution.lv\/lv\/wp-json\/wp\/v2\/product"}],"about":[{"href":"https:\/\/amberdistribution.lv\/lv\/wp-json\/wp\/v2\/types\/product"}],"wp:featuredmedia":[{"embeddable":true,"href":"https:\/\/amberdistribution.lv\/lv\/wp-json\/wp\/v2\/media\/5929"}],"wp:attachment":[{"href":"https:\/\/amberdistribution.lv\/lv\/wp-json\/wp\/v2\/media?parent=5926"}],"wp:term":[{"taxonomy":"product_cat","embeddable":true,"href":"https:\/\/amberdistribution.lv\/lv\/wp-json\/wp\/v2\/product_cat?post=5926"},{"taxonomy":"product_tag","embeddable":true,"href":"https:\/\/amberdistribution.lv\/lv\/wp-json\/wp\/v2\/product_tag?post=5926"}],"curies":[{"name":"wp","href":"https:\/\/api.w.org\/{rel}","templated":true}]}}