{"id":5936,"date":"2023-08-21T09:03:33","date_gmt":"2023-08-21T09:03:33","guid":{"rendered":"https:\/\/amberdistribution.lv\/?post_type=product&#038;p=5936"},"modified":"2024-08-15T13:32:36","modified_gmt":"2024-08-15T13:32:36","slug":"arinzano-la-casona-vino-de-pago-tinto-2","status":"publish","type":"product","link":"https:\/\/amberdistribution.lv\/lv\/product\/arinzano-la-casona-vino-de-pago-tinto-2\/","title":{"rendered":"Arinzano La Casona Vino De Pago Tinto"},"content":{"rendered":"<p>Arinzano La Casona Vino De Pago Tinto ir \u013coti izteiksm\u012bgs, elegants un harmonisks sausais sarkanv\u012bns.<br \/>\nV\u012bns veidots no 75% Tempranillo un 25% Merlot \u0161\u0137irnes v\u012bnog\u0101m. Nogatavin\u0101ts 14 m\u0113ne\u0161us fran\u010du izcelsmes ozolkoka muc\u0101s no kur\u0101m 40% ir jaunas, bet 60% vienu gadu vecas ozolkoka mucas.<br \/>\nV\u012bns ir apvelt\u012bts ar pies\u0101tin\u0101tu, dzi\u013cu, rub\u012bnsarkanu kr\u0101su. Arom\u0101tu bu\u0137et\u0113 j\u016btamas melno ogu, \u0161okol\u0101des, kan\u0113\u013ca, Havannas cig\u0101ru un ciedra koka nianses. Gar\u0161as palete ir apvelt\u012bta ar samtaini maigu un nedaudz saldenu gar\u0161u, ko papildina ilga un notur\u012bga p\u0113cgar\u0161a, k\u0101 ar\u012b domin\u0113 aug\u013cainais raksturs, pateicoties Tempranillo v\u012bnogu \u0161\u0137irnei, kam piem\u012bt ar\u012b izcils nogatavin\u0101\u0161anas potenci\u0101ls.<br \/>\nLabi sader\u0113s ar liellopa, j\u0113ra ga\u013cas \u0113dieniem, nogatavin\u0101tiem sieriem. Ieteicams pasniegt 16-18\u00b0C temperat\u016br\u0101.<\/p>\n","protected":false},"excerpt":{"rendered":"<p>Arinzano La Casona Vino De Pago Tinto ir \u013coti izteiksm\u012bgs, elegants un harmonisks sausais sarkanv\u012bns. V\u012bns veidots no 75% Tempranillo un 25% Merlot \u0161\u0137irnes v\u012bnog\u0101m. Nogatavin\u0101ts 14 m\u0113ne\u0161us fran\u010du izcelsmes...<\/p>\n","protected":false},"featured_media":6887,"template":"","meta":[],"product_cat":[418,421],"product_tag":[],"acf":[],"_links":{"self":[{"href":"https:\/\/amberdistribution.lv\/lv\/wp-json\/wp\/v2\/product\/5936"}],"collection":[{"href":"https:\/\/amberdistribution.lv\/lv\/wp-json\/wp\/v2\/product"}],"about":[{"href":"https:\/\/amberdistribution.lv\/lv\/wp-json\/wp\/v2\/types\/product"}],"wp:featuredmedia":[{"embeddable":true,"href":"https:\/\/amberdistribution.lv\/lv\/wp-json\/wp\/v2\/media\/6887"}],"wp:attachment":[{"href":"https:\/\/amberdistribution.lv\/lv\/wp-json\/wp\/v2\/media?parent=5936"}],"wp:term":[{"taxonomy":"product_cat","embeddable":true,"href":"https:\/\/amberdistribution.lv\/lv\/wp-json\/wp\/v2\/product_cat?post=5936"},{"taxonomy":"product_tag","embeddable":true,"href":"https:\/\/amberdistribution.lv\/lv\/wp-json\/wp\/v2\/product_tag?post=5936"}],"curies":[{"name":"wp","href":"https:\/\/api.w.org\/{rel}","templated":true}]}}