{"id":5939,"date":"2023-08-21T09:06:20","date_gmt":"2023-08-21T09:06:20","guid":{"rendered":"https:\/\/amberdistribution.lv\/?post_type=product&#038;p=5939"},"modified":"2025-10-23T12:30:35","modified_gmt":"2025-10-23T12:30:35","slug":"arinzano-hacienda-vino-de-pago-blanco-2","status":"publish","type":"product","link":"https:\/\/amberdistribution.lv\/lv\/product\/arinzano-hacienda-vino-de-pago-blanco-2\/","title":{"rendered":"Arinzano Hacienda Vino De Pago Blanco"},"content":{"rendered":"<p>Arinzano Hacienda Vino De Pago Blanco v\u012bns veidots no 100% Chardonnay \u0161\u0137irnes v\u012bnog\u0101m.<\/p>\n<p>Tas tiek nogatavin\u0101ts 12 m\u0113ne\u0161us fran\u010du izcelsmes ozolkoka muc\u0101s, no kur\u0101m 30% ir jaun\u0101s, bet 70% - viena gada vecas mucas.<\/p>\n<p>V\u012bna bu\u0137et\u0113 j\u016btamas intens\u012bvas citrusu notis, kokosrieksti, medus, \u017e\u0101v\u0113ti aug\u013ci- valrieksti un mandeles. Gar\u0161a ir \u013coti pat\u012bkama, z\u012bdaina rakstura apvelt\u012bta un ar citrusaug\u013cu nians\u0113m.<\/p>\n<p>V\u012bnam piem\u012bt ilga, notur\u012bga un labi sabalans\u0113ta p\u0113cgar\u0161a. Ieteicams baud\u012bt atdzes\u0113tu 10-12\u00b0C temperat\u016br\u0101.<\/p>\n","protected":false},"excerpt":{"rendered":"<p>Arinzano Hacienda Vino De Pago Blanco v\u012bns veidots no 100% Chardonnay \u0161\u0137irnes v\u012bnog\u0101m. Tas tiek nogatavin\u0101ts 12 m\u0113ne\u0161us fran\u010du izcelsmes ozolkoka muc\u0101s, no kur\u0101m 30% ir jaun\u0101s, bet 70% -...<\/p>\n","protected":false},"featured_media":6872,"template":"","meta":[],"product_cat":[418,421],"product_tag":[],"acf":[],"_links":{"self":[{"href":"https:\/\/amberdistribution.lv\/lv\/wp-json\/wp\/v2\/product\/5939"}],"collection":[{"href":"https:\/\/amberdistribution.lv\/lv\/wp-json\/wp\/v2\/product"}],"about":[{"href":"https:\/\/amberdistribution.lv\/lv\/wp-json\/wp\/v2\/types\/product"}],"wp:featuredmedia":[{"embeddable":true,"href":"https:\/\/amberdistribution.lv\/lv\/wp-json\/wp\/v2\/media\/6872"}],"wp:attachment":[{"href":"https:\/\/amberdistribution.lv\/lv\/wp-json\/wp\/v2\/media?parent=5939"}],"wp:term":[{"taxonomy":"product_cat","embeddable":true,"href":"https:\/\/amberdistribution.lv\/lv\/wp-json\/wp\/v2\/product_cat?post=5939"},{"taxonomy":"product_tag","embeddable":true,"href":"https:\/\/amberdistribution.lv\/lv\/wp-json\/wp\/v2\/product_tag?post=5939"}],"curies":[{"name":"wp","href":"https:\/\/api.w.org\/{rel}","templated":true}]}}