{"id":5948,"date":"2023-08-31T10:41:53","date_gmt":"2023-08-31T10:41:53","guid":{"rendered":"https:\/\/amberdistribution.lv\/?post_type=product&#038;p=5948"},"modified":"2023-08-31T10:41:54","modified_gmt":"2023-08-31T10:41:54","slug":"musti-nobilis-pinot-grigio-delle-venezie-doc","status":"publish","type":"product","link":"https:\/\/amberdistribution.lv\/lv\/product\/musti-nobilis-pinot-grigio-delle-venezie-doc\/","title":{"rendered":"Musti Nobilis Pinot Grigio Delle Venezie DOC"},"content":{"rendered":"<p>Sausais baltv\u012bns no Pinot Grigio ar maig\u0101m eksotisko aug\u013cu not\u012bm. Ide\u0101ls k\u0101 aperit\u012bvs, ar pastu, zivju \u0113dieniem. Ieteicams pasniegt atdzes\u0113tu 8-10 gr\u0101du temperet\u016br\u0101.<\/p>\n","protected":false},"excerpt":{"rendered":"<p>Sausais baltv\u012bns no Pinot Grigio ar maig\u0101m eksotisko aug\u013cu not\u012bm. Ide\u0101ls k\u0101 aperit\u012bvs, ar pastu, zivju \u0113dieniem. Ieteicams pasniegt atdzes\u0113tu 8-10 gr\u0101du temperet\u016br\u0101.<\/p>\n","protected":false},"featured_media":5949,"template":"","meta":[],"product_cat":[418,420],"product_tag":[],"acf":[],"_links":{"self":[{"href":"https:\/\/amberdistribution.lv\/lv\/wp-json\/wp\/v2\/product\/5948"}],"collection":[{"href":"https:\/\/amberdistribution.lv\/lv\/wp-json\/wp\/v2\/product"}],"about":[{"href":"https:\/\/amberdistribution.lv\/lv\/wp-json\/wp\/v2\/types\/product"}],"wp:featuredmedia":[{"embeddable":true,"href":"https:\/\/amberdistribution.lv\/lv\/wp-json\/wp\/v2\/media\/5949"}],"wp:attachment":[{"href":"https:\/\/amberdistribution.lv\/lv\/wp-json\/wp\/v2\/media?parent=5948"}],"wp:term":[{"taxonomy":"product_cat","embeddable":true,"href":"https:\/\/amberdistribution.lv\/lv\/wp-json\/wp\/v2\/product_cat?post=5948"},{"taxonomy":"product_tag","embeddable":true,"href":"https:\/\/amberdistribution.lv\/lv\/wp-json\/wp\/v2\/product_tag?post=5948"}],"curies":[{"name":"wp","href":"https:\/\/api.w.org\/{rel}","templated":true}]}}