{"id":6082,"date":"2023-10-23T08:28:20","date_gmt":"2023-10-23T08:28:20","guid":{"rendered":"https:\/\/amberdistribution.lv\/?post_type=product&#038;p=6082"},"modified":"2024-07-24T12:57:26","modified_gmt":"2024-07-24T12:57:26","slug":"dear-wine-rose-dry","status":"publish","type":"product","link":"https:\/\/amberdistribution.lv\/lv\/product\/dear-wine-rose-dry\/","title":{"rendered":"Dear Wine Rose Dry"},"content":{"rendered":"<p>Roz\u0101 v\u012bns gatavots no Saperavi v\u012bnog\u0101m, kas kultiv\u0113ta Gruzijas austrumos. V\u012bnam ir pies\u0101tin\u0101ta roz\u0101 kr\u0101sa ar ave\u0146u nokr\u0101s\u0101m, izteiksm\u012bgi aug\u013cu arom\u0101ti, samtaina gar\u0161a. Sader\u0113s ar zivju starteriem, balto ga\u013cu, viegliem sal\u0101tiem un sieriem. Ieteicam\u0101 pasnieg\u0161anas temperat\u016bra: 10 -12\u00b0\u0421.<\/p>\n","protected":false},"excerpt":{"rendered":"<p>Roz\u0101 v\u012bns gatavots no Saperavi v\u012bnog\u0101m, kas kultiv\u0113ta Gruzijas austrumos. V\u012bnam ir pies\u0101tin\u0101ta roz\u0101 kr\u0101sa ar ave\u0146u nokr\u0101s\u0101m, izteiksm\u012bgi aug\u013cu arom\u0101ti, samtaina gar\u0161a. Sader\u0113s ar zivju starteriem, balto ga\u013cu, viegliem...<\/p>\n","protected":false},"featured_media":6083,"template":"","meta":[],"product_cat":[423,418],"product_tag":[],"acf":[],"_links":{"self":[{"href":"https:\/\/amberdistribution.lv\/lv\/wp-json\/wp\/v2\/product\/6082"}],"collection":[{"href":"https:\/\/amberdistribution.lv\/lv\/wp-json\/wp\/v2\/product"}],"about":[{"href":"https:\/\/amberdistribution.lv\/lv\/wp-json\/wp\/v2\/types\/product"}],"wp:featuredmedia":[{"embeddable":true,"href":"https:\/\/amberdistribution.lv\/lv\/wp-json\/wp\/v2\/media\/6083"}],"wp:attachment":[{"href":"https:\/\/amberdistribution.lv\/lv\/wp-json\/wp\/v2\/media?parent=6082"}],"wp:term":[{"taxonomy":"product_cat","embeddable":true,"href":"https:\/\/amberdistribution.lv\/lv\/wp-json\/wp\/v2\/product_cat?post=6082"},{"taxonomy":"product_tag","embeddable":true,"href":"https:\/\/amberdistribution.lv\/lv\/wp-json\/wp\/v2\/product_tag?post=6082"}],"curies":[{"name":"wp","href":"https:\/\/api.w.org\/{rel}","templated":true}]}}