{"id":6109,"date":"2023-11-07T12:39:18","date_gmt":"2023-11-07T12:39:18","guid":{"rendered":"https:\/\/amberdistribution.lv\/?post_type=product&#038;p=6109"},"modified":"2024-08-19T08:53:11","modified_gmt":"2024-08-19T08:53:11","slug":"cavit-bottega-vinai-teroldego-rotaliano-doc","status":"publish","type":"product","link":"https:\/\/amberdistribution.lv\/lv\/product\/cavit-bottega-vinai-teroldego-rotaliano-doc\/","title":{"rendered":"Cavit Bottega Vinai Teroldego Rotaliano DOC"},"content":{"rendered":"<p>Sauss sarkanv\u012bns gatavots no Teroldego v\u012bnog\u0101m, kas audz\u0113tas Campo Rotaliano un Mezzocolombardo, \u00a06 m\u0113ne\u0161us iztur\u0113ts ozolkoka muc\u0101s, da\u013cu laika maz\u0101s Slov\u0113nijas ozolkoka muc\u0101s. \u00a0V\u012bns intens\u012bvi rub\u012bnsarkan\u0101 kr\u0101s\u0101 ar violetiem atsp\u012bdumiem. Arom\u0101t\u0101 avenes un me\u017ea ogas, izcili sabalans\u0113ta un noapa\u013cota gar\u0161a.\u00a0 Ieteicams pasniegt 16-18 \u00b0C temperat\u016bt\u0101 ar ga\u013cas saut\u0113jumiem, gril\u0113tu ga\u013cu.<\/p>\n","protected":false},"excerpt":{"rendered":"<p>Sauss sarkanv\u012bns gatavots no Teroldego v\u012bnog\u0101m, kas audz\u0113tas Campo Rotaliano un Mezzocolombardo, \u00a06 m\u0113ne\u0161us iztur\u0113ts ozolkoka muc\u0101s, da\u013cu laika maz\u0101s Slov\u0113nijas ozolkoka muc\u0101s. \u00a0V\u012bns intens\u012bvi rub\u012bnsarkan\u0101 kr\u0101s\u0101 ar violetiem atsp\u012bdumiem....<\/p>\n","protected":false},"featured_media":6943,"template":"","meta":[],"product_cat":[418,420],"product_tag":[],"acf":[],"_links":{"self":[{"href":"https:\/\/amberdistribution.lv\/lv\/wp-json\/wp\/v2\/product\/6109"}],"collection":[{"href":"https:\/\/amberdistribution.lv\/lv\/wp-json\/wp\/v2\/product"}],"about":[{"href":"https:\/\/amberdistribution.lv\/lv\/wp-json\/wp\/v2\/types\/product"}],"wp:featuredmedia":[{"embeddable":true,"href":"https:\/\/amberdistribution.lv\/lv\/wp-json\/wp\/v2\/media\/6943"}],"wp:attachment":[{"href":"https:\/\/amberdistribution.lv\/lv\/wp-json\/wp\/v2\/media?parent=6109"}],"wp:term":[{"taxonomy":"product_cat","embeddable":true,"href":"https:\/\/amberdistribution.lv\/lv\/wp-json\/wp\/v2\/product_cat?post=6109"},{"taxonomy":"product_tag","embeddable":true,"href":"https:\/\/amberdistribution.lv\/lv\/wp-json\/wp\/v2\/product_tag?post=6109"}],"curies":[{"name":"wp","href":"https:\/\/api.w.org\/{rel}","templated":true}]}}