{"id":6112,"date":"2023-11-07T12:45:53","date_gmt":"2023-11-07T12:45:53","guid":{"rendered":"https:\/\/amberdistribution.lv\/?post_type=product&#038;p=6112"},"modified":"2024-08-14T07:18:28","modified_gmt":"2024-08-14T07:18:28","slug":"cavit-bottega-vinai-pinot-grigio-trentino-doc","status":"publish","type":"product","link":"https:\/\/amberdistribution.lv\/lv\/product\/cavit-bottega-vinai-pinot-grigio-trentino-doc\/","title":{"rendered":"Cavit Bottega Vinai Pinot Grigio Trentino DOC"},"content":{"rendered":"<p>Sauss baltv\u012bns gatavots no Pinot Grigio\u00a0 v\u012bnog\u0101m, kas audz\u0113tas Gardas ezera zieme\u013cos Laghi ielej\u0101 un Rovere della Luna. V\u012bns gai\u0161\u0101 salmu dzelten\u0101 kr\u0101s\u0101 ar za\u013cganiem atsp\u012bdumiem, maigu un tai pat laik\u0101 intens\u012bvu arom\u0101tu bu\u0137eti ar ziedu, bumbieru, persiku un melones not\u012bm, elegantu, svaigu gar\u0161u un pat\u012bkamu vieglu sk\u0101buma noti.<\/p>\n<p>Ieteicams pasniegt 12-14\u00b0C temperat\u016bt\u0101 ar zivju zup\u0101m, risotto ar j\u016bras velt\u0113m, cept\u0101m ziv\u012bm, \u00a0aukst\u0101m balt\u0101s ga\u013cas uzkod\u0101m.<\/p>\n","protected":false},"excerpt":{"rendered":"<p>Sauss baltv\u012bns gatavots no Pinot Grigio\u00a0 v\u012bnog\u0101m, kas audz\u0113tas Gardas ezera zieme\u013cos Laghi ielej\u0101 un Rovere della Luna. V\u012bns gai\u0161\u0101 salmu dzelten\u0101 kr\u0101s\u0101 ar za\u013cganiem atsp\u012bdumiem, maigu un tai pat...<\/p>\n","protected":false},"featured_media":6113,"template":"","meta":[],"product_cat":[418,420],"product_tag":[],"acf":[],"_links":{"self":[{"href":"https:\/\/amberdistribution.lv\/lv\/wp-json\/wp\/v2\/product\/6112"}],"collection":[{"href":"https:\/\/amberdistribution.lv\/lv\/wp-json\/wp\/v2\/product"}],"about":[{"href":"https:\/\/amberdistribution.lv\/lv\/wp-json\/wp\/v2\/types\/product"}],"wp:featuredmedia":[{"embeddable":true,"href":"https:\/\/amberdistribution.lv\/lv\/wp-json\/wp\/v2\/media\/6113"}],"wp:attachment":[{"href":"https:\/\/amberdistribution.lv\/lv\/wp-json\/wp\/v2\/media?parent=6112"}],"wp:term":[{"taxonomy":"product_cat","embeddable":true,"href":"https:\/\/amberdistribution.lv\/lv\/wp-json\/wp\/v2\/product_cat?post=6112"},{"taxonomy":"product_tag","embeddable":true,"href":"https:\/\/amberdistribution.lv\/lv\/wp-json\/wp\/v2\/product_tag?post=6112"}],"curies":[{"name":"wp","href":"https:\/\/api.w.org\/{rel}","templated":true}]}}