{"id":6115,"date":"2023-11-07T12:48:44","date_gmt":"2023-11-07T12:48:44","guid":{"rendered":"https:\/\/amberdistribution.lv\/?post_type=product&#038;p=6115"},"modified":"2025-10-30T15:17:47","modified_gmt":"2025-10-30T15:17:47","slug":"cavit-i-mastri-pinot-grigio-trentino-doc","status":"publish","type":"product","link":"https:\/\/amberdistribution.lv\/lv\/product\/cavit-i-mastri-pinot-grigio-trentino-doc\/","title":{"rendered":"Cavit I Mastri Pinot Grigio Trentino DOC"},"content":{"rendered":"<p>Sauss baltv\u012bns gatavots no Pinot Grigio v\u012bnog\u0101m, kas augu\u0161as Adige upes krastos. V\u012bns gai\u0161\u0101 salmu dzelten\u0101 kr\u0101s\u0101 ar za\u013cganiem atsp\u012bdumiem, maigu un tai pat laik\u0101 intens\u012bvu arom\u0101tu bu\u0137eti ar ziedu arom\u0101tiem, bumbieru, persiku un melones not\u012bm, elegantu, svaigu gar\u0161u un pat\u012bkamu vieglu sk\u0101buma noti.<\/p>\n<p>Ieteicams pasniegt 12-14\u00b0C temperat\u016bt\u0101 ar j\u016bras ziv\u012bm, silt\u0101m un aukst\u0101m uzkod\u0101m, viegli gar\u0161vielainiem balt\u0101s ga\u013cas \u0113dieniem.<\/p>\n","protected":false},"excerpt":{"rendered":"<p>Sauss baltv\u012bns gatavots no Pinot Grigio v\u012bnog\u0101m, kas augu\u0161as Adige upes krastos. V\u012bns gai\u0161\u0101 salmu dzelten\u0101 kr\u0101s\u0101 ar za\u013cganiem atsp\u012bdumiem, maigu un tai pat laik\u0101 intens\u012bvu arom\u0101tu bu\u0137eti ar ziedu...<\/p>\n","protected":false},"featured_media":7296,"template":"","meta":[],"product_cat":[418,420],"product_tag":[],"acf":[],"_links":{"self":[{"href":"https:\/\/amberdistribution.lv\/lv\/wp-json\/wp\/v2\/product\/6115"}],"collection":[{"href":"https:\/\/amberdistribution.lv\/lv\/wp-json\/wp\/v2\/product"}],"about":[{"href":"https:\/\/amberdistribution.lv\/lv\/wp-json\/wp\/v2\/types\/product"}],"wp:featuredmedia":[{"embeddable":true,"href":"https:\/\/amberdistribution.lv\/lv\/wp-json\/wp\/v2\/media\/7296"}],"wp:attachment":[{"href":"https:\/\/amberdistribution.lv\/lv\/wp-json\/wp\/v2\/media?parent=6115"}],"wp:term":[{"taxonomy":"product_cat","embeddable":true,"href":"https:\/\/amberdistribution.lv\/lv\/wp-json\/wp\/v2\/product_cat?post=6115"},{"taxonomy":"product_tag","embeddable":true,"href":"https:\/\/amberdistribution.lv\/lv\/wp-json\/wp\/v2\/product_tag?post=6115"}],"curies":[{"name":"wp","href":"https:\/\/api.w.org\/{rel}","templated":true}]}}