{"id":6118,"date":"2023-11-07T12:51:50","date_gmt":"2023-11-07T12:51:50","guid":{"rendered":"https:\/\/amberdistribution.lv\/?post_type=product&#038;p=6118"},"modified":"2024-08-19T09:02:21","modified_gmt":"2024-08-19T09:02:21","slug":"cavit-i-mastri-lagrein-trentino-doc","status":"publish","type":"product","link":"https:\/\/amberdistribution.lv\/lv\/product\/cavit-i-mastri-lagrein-trentino-doc\/","title":{"rendered":"Cavit I Mastri Lagrein Trentino DOC"},"content":{"rendered":"<p class=\"serp-title\">Cavit I Mastri Lagrein Trentino DOC ir sauss sarkanv\u012bns gatavots no Lagrein v\u012bnog\u0101m, kas augu\u0161as Adige ielej\u0101 un Campo Rotaliano, da\u013ca v\u012bna iztur\u0113ta ozolkoka muc\u0101s. V\u012bns intens\u012bvi rub\u012bnsarkan\u0101 kr\u0101s\u0101, ar izteiksm\u012bgiem me\u017ea ave\u0146u, upe\u0146u un kaze\u0146u arom\u0101tem un pat\u012bkam\u0101m vani\u013cas not\u012bm, piln\u012bgu un lieliski sabalans\u0113tu gar\u0161u, maigs un samtains ar ilgsto\u0161u p\u0113cgar\u0161u. Ieteicams pasniegt 16-18 \u00b0C temperat\u016bt\u0101 ar gar\u0161viel\u0101m bag\u0101tiem salami vai \u0161\u0137i\u0146\u0137i, pastas \u0113dieniem ar med\u012bjuma m\u0113rc\u0113m, sarkan\u0101s ga\u013cas \u0113dieniem.<\/p>\n","protected":false},"excerpt":{"rendered":"<p>Cavit I Mastri Lagrein Trentino DOC ir sauss sarkanv\u012bns gatavots no Lagrein v\u012bnog\u0101m, kas augu\u0161as Adige ielej\u0101 un Campo Rotaliano, da\u013ca v\u012bna iztur\u0113ta ozolkoka muc\u0101s. V\u012bns intens\u012bvi rub\u012bnsarkan\u0101 kr\u0101s\u0101, ar...<\/p>\n","protected":false},"featured_media":6949,"template":"","meta":[],"product_cat":[418,420],"product_tag":[],"acf":[],"_links":{"self":[{"href":"https:\/\/amberdistribution.lv\/lv\/wp-json\/wp\/v2\/product\/6118"}],"collection":[{"href":"https:\/\/amberdistribution.lv\/lv\/wp-json\/wp\/v2\/product"}],"about":[{"href":"https:\/\/amberdistribution.lv\/lv\/wp-json\/wp\/v2\/types\/product"}],"wp:featuredmedia":[{"embeddable":true,"href":"https:\/\/amberdistribution.lv\/lv\/wp-json\/wp\/v2\/media\/6949"}],"wp:attachment":[{"href":"https:\/\/amberdistribution.lv\/lv\/wp-json\/wp\/v2\/media?parent=6118"}],"wp:term":[{"taxonomy":"product_cat","embeddable":true,"href":"https:\/\/amberdistribution.lv\/lv\/wp-json\/wp\/v2\/product_cat?post=6118"},{"taxonomy":"product_tag","embeddable":true,"href":"https:\/\/amberdistribution.lv\/lv\/wp-json\/wp\/v2\/product_tag?post=6118"}],"curies":[{"name":"wp","href":"https:\/\/api.w.org\/{rel}","templated":true}]}}