{"id":6122,"date":"2023-11-07T14:20:01","date_gmt":"2023-11-07T14:20:01","guid":{"rendered":"https:\/\/amberdistribution.lv\/?post_type=product&#038;p=6122"},"modified":"2024-08-14T07:54:07","modified_gmt":"2024-08-14T07:54:07","slug":"henners-blanc-de-blancs","status":"publish","type":"product","link":"https:\/\/amberdistribution.lv\/lv\/product\/henners-blanc-de-blancs\/","title":{"rendered":"Henners Blanc de Blancs"},"content":{"rendered":"<p>Dzirksto\u0161ais Anglijas v\u012bns. Bruts gatavots izmantojot klasisko \u0161ampanie\u0161a gatavo\u0161anas metodi no Dienvidsaseks\u0101, Henners v\u012bna d\u0101rzos audz\u0113t\u0101m Chardonnay v\u012bnog\u0101m. Iztur\u0113ts uz nogulsn\u0113m 36 m\u0113ne\u0161us, zero doz\u0101\u017eas dzirsto\u0161ais v\u012bns. Gastronomisks dzirksto\u0161ais v\u012bns, izcila 2018. gada ra\u017eas izpausme. Lieliski sader\u0113s ar zivju \u0113dieniem, paltusu, mencu vai pik\u0161u, k\u016bpin\u0101tu vistas kr\u016bti\u0146u, ceptu p\u0113r\u013cu visti\u0146u, izsmalcin\u0101tiem sv\u0113tku \u0113dieniem, kam bag\u0101t\u012bgi pievienots sviests vai kr\u0113jums. 2018. gada Blanc de Blancs pieejams limit\u0113tos daudzumos, izgatavotas 500 pudeles. V\u012bns sa\u0146\u0113mis Whine Enthusiast nov\u0113rt\u0113jumu 95 punkti no 100.<\/p>\n","protected":false},"excerpt":{"rendered":"<p>Dzirksto\u0161ais Anglijas v\u012bns. Bruts gatavots izmantojot klasisko \u0161ampanie\u0161a gatavo\u0161anas metodi no Dienvidsaseks\u0101, Henners v\u012bna d\u0101rzos audz\u0113t\u0101m Chardonnay v\u012bnog\u0101m. Iztur\u0113ts uz nogulsn\u0113m 36 m\u0113ne\u0161us, zero doz\u0101\u017eas dzirsto\u0161ais v\u012bns. Gastronomisks dzirksto\u0161ais v\u012bns,...<\/p>\n","protected":false},"featured_media":6861,"template":"","meta":[],"product_cat":[416],"product_tag":[],"acf":[],"_links":{"self":[{"href":"https:\/\/amberdistribution.lv\/lv\/wp-json\/wp\/v2\/product\/6122"}],"collection":[{"href":"https:\/\/amberdistribution.lv\/lv\/wp-json\/wp\/v2\/product"}],"about":[{"href":"https:\/\/amberdistribution.lv\/lv\/wp-json\/wp\/v2\/types\/product"}],"wp:featuredmedia":[{"embeddable":true,"href":"https:\/\/amberdistribution.lv\/lv\/wp-json\/wp\/v2\/media\/6861"}],"wp:attachment":[{"href":"https:\/\/amberdistribution.lv\/lv\/wp-json\/wp\/v2\/media?parent=6122"}],"wp:term":[{"taxonomy":"product_cat","embeddable":true,"href":"https:\/\/amberdistribution.lv\/lv\/wp-json\/wp\/v2\/product_cat?post=6122"},{"taxonomy":"product_tag","embeddable":true,"href":"https:\/\/amberdistribution.lv\/lv\/wp-json\/wp\/v2\/product_tag?post=6122"}],"curies":[{"name":"wp","href":"https:\/\/api.w.org\/{rel}","templated":true}]}}