{"id":6125,"date":"2023-11-07T14:24:18","date_gmt":"2023-11-07T14:24:18","guid":{"rendered":"https:\/\/amberdistribution.lv\/?post_type=product&#038;p=6125"},"modified":"2023-11-07T14:28:26","modified_gmt":"2023-11-07T14:28:26","slug":"stones-throw-chardonnay","status":"publish","type":"product","link":"https:\/\/amberdistribution.lv\/lv\/product\/stones-throw-chardonnay\/","title":{"rendered":"Stone's Throw Chardonnay"},"content":{"rendered":"<p>Sauss Austr\u0101lijas baltv\u012bns no Victoria re\u0123iona ar intens\u012bviem mandar\u012bnu, greipfr\u016btu, laima un gar\u0161vielu arom\u0101tiem, gar\u0161\u0101 svaigas citrusu un balto persiku notis ar pat\u012bkamu mineralit\u0101ti. Lieliski sader\u0113s ar vistas ga\u013cas \u0113dieniem kr\u0113m\u012bg\u0101 m\u0113rc\u0113, viegliem sieriem un zivju \u0113dieniem.<\/p>\n","protected":false},"excerpt":{"rendered":"<p>Sauss Austr\u0101lijas baltv\u012bns no Victoria re\u0123iona ar intens\u012bviem mandar\u012bnu, greipfr\u016btu, laima un gar\u0161vielu arom\u0101tiem, gar\u0161\u0101 svaigas citrusu un balto persiku notis ar pat\u012bkamu mineralit\u0101ti. Lieliski sader\u0113s ar vistas ga\u013cas \u0113dieniem...<\/p>\n","protected":false},"featured_media":6126,"template":"","meta":[],"product_cat":[428,418],"product_tag":[],"acf":[],"_links":{"self":[{"href":"https:\/\/amberdistribution.lv\/lv\/wp-json\/wp\/v2\/product\/6125"}],"collection":[{"href":"https:\/\/amberdistribution.lv\/lv\/wp-json\/wp\/v2\/product"}],"about":[{"href":"https:\/\/amberdistribution.lv\/lv\/wp-json\/wp\/v2\/types\/product"}],"wp:featuredmedia":[{"embeddable":true,"href":"https:\/\/amberdistribution.lv\/lv\/wp-json\/wp\/v2\/media\/6126"}],"wp:attachment":[{"href":"https:\/\/amberdistribution.lv\/lv\/wp-json\/wp\/v2\/media?parent=6125"}],"wp:term":[{"taxonomy":"product_cat","embeddable":true,"href":"https:\/\/amberdistribution.lv\/lv\/wp-json\/wp\/v2\/product_cat?post=6125"},{"taxonomy":"product_tag","embeddable":true,"href":"https:\/\/amberdistribution.lv\/lv\/wp-json\/wp\/v2\/product_tag?post=6125"}],"curies":[{"name":"wp","href":"https:\/\/api.w.org\/{rel}","templated":true}]}}