{"id":6128,"date":"2023-11-07T14:27:02","date_gmt":"2023-11-07T14:27:02","guid":{"rendered":"https:\/\/amberdistribution.lv\/?post_type=product&#038;p=6128"},"modified":"2023-11-07T14:27:04","modified_gmt":"2023-11-07T14:27:04","slug":"stones-throw-shiraz","status":"publish","type":"product","link":"https:\/\/amberdistribution.lv\/lv\/product\/stones-throw-shiraz\/","title":{"rendered":"Stone's Throw Shiraz"},"content":{"rendered":"<p>Sauss Austr\u0101lijas sarkanv\u012bns no Victoria re\u0123iona, arom\u0101tisks un aug\u013cains, viegli dzerams, samtains\u00a0 v\u012bns ar\u00a0 ziedu not\u012bm arom\u0101t\u0101 un pat\u012bkamu ga\u0161vielainu nosl\u0113gumu. Lieliski sader\u0113s ar j\u0113ra ga\u013cu, liellopa ga\u013cas saut\u0113jumu, gril\u0113tiem d\u0101rze\u0146iem, nogatavin\u0101tiem sieriem.<\/p>\n","protected":false},"excerpt":{"rendered":"<p>Sauss Austr\u0101lijas sarkanv\u012bns no Victoria re\u0123iona, arom\u0101tisks un aug\u013cains, viegli dzerams, samtains\u00a0 v\u012bns ar\u00a0 ziedu not\u012bm arom\u0101t\u0101 un pat\u012bkamu ga\u0161vielainu nosl\u0113gumu. Lieliski sader\u0113s ar j\u0113ra ga\u013cu, liellopa ga\u013cas saut\u0113jumu, gril\u0113tiem...<\/p>\n","protected":false},"featured_media":6129,"template":"","meta":[],"product_cat":[428,418],"product_tag":[],"acf":[],"_links":{"self":[{"href":"https:\/\/amberdistribution.lv\/lv\/wp-json\/wp\/v2\/product\/6128"}],"collection":[{"href":"https:\/\/amberdistribution.lv\/lv\/wp-json\/wp\/v2\/product"}],"about":[{"href":"https:\/\/amberdistribution.lv\/lv\/wp-json\/wp\/v2\/types\/product"}],"wp:featuredmedia":[{"embeddable":true,"href":"https:\/\/amberdistribution.lv\/lv\/wp-json\/wp\/v2\/media\/6129"}],"wp:attachment":[{"href":"https:\/\/amberdistribution.lv\/lv\/wp-json\/wp\/v2\/media?parent=6128"}],"wp:term":[{"taxonomy":"product_cat","embeddable":true,"href":"https:\/\/amberdistribution.lv\/lv\/wp-json\/wp\/v2\/product_cat?post=6128"},{"taxonomy":"product_tag","embeddable":true,"href":"https:\/\/amberdistribution.lv\/lv\/wp-json\/wp\/v2\/product_tag?post=6128"}],"curies":[{"name":"wp","href":"https:\/\/api.w.org\/{rel}","templated":true}]}}