{"id":6201,"date":"2024-01-16T11:04:52","date_gmt":"2024-01-16T11:04:52","guid":{"rendered":"https:\/\/amberdistribution.lv\/?post_type=product&#038;p=6201"},"modified":"2024-01-16T11:04:53","modified_gmt":"2024-01-16T11:04:53","slug":"moka-caramel-cream","status":"publish","type":"product","link":"https:\/\/amberdistribution.lv\/lv\/product\/moka-caramel-cream\/","title":{"rendered":"Moka Caramel &#038; Cream"},"content":{"rendered":"<p>Jaunums! Bag\u0101t\u012bga kr\u0113ma un samtaina, salda karameles gar\u0161a, sabalans\u0113t\u0101 kompoz\u012bcij\u0101 ar Moka kafijas li\u0137ieri.<\/p>\n","protected":false},"excerpt":{"rendered":"<p>Jaunums! Bag\u0101t\u012bga kr\u0113ma un samtaina, salda karameles gar\u0161a, sabalans\u0113t\u0101 kompoz\u012bcij\u0101 ar Moka kafijas li\u0137ieri.<\/p>\n","protected":false},"featured_media":6202,"template":"","meta":[],"product_cat":[301],"product_tag":[],"acf":[],"_links":{"self":[{"href":"https:\/\/amberdistribution.lv\/lv\/wp-json\/wp\/v2\/product\/6201"}],"collection":[{"href":"https:\/\/amberdistribution.lv\/lv\/wp-json\/wp\/v2\/product"}],"about":[{"href":"https:\/\/amberdistribution.lv\/lv\/wp-json\/wp\/v2\/types\/product"}],"wp:featuredmedia":[{"embeddable":true,"href":"https:\/\/amberdistribution.lv\/lv\/wp-json\/wp\/v2\/media\/6202"}],"wp:attachment":[{"href":"https:\/\/amberdistribution.lv\/lv\/wp-json\/wp\/v2\/media?parent=6201"}],"wp:term":[{"taxonomy":"product_cat","embeddable":true,"href":"https:\/\/amberdistribution.lv\/lv\/wp-json\/wp\/v2\/product_cat?post=6201"},{"taxonomy":"product_tag","embeddable":true,"href":"https:\/\/amberdistribution.lv\/lv\/wp-json\/wp\/v2\/product_tag?post=6201"}],"curies":[{"name":"wp","href":"https:\/\/api.w.org\/{rel}","templated":true}]}}