{"id":6204,"date":"2024-01-16T11:06:51","date_gmt":"2024-01-16T11:06:51","guid":{"rendered":"https:\/\/amberdistribution.lv\/?post_type=product&#038;p=6204"},"modified":"2024-01-16T11:06:52","modified_gmt":"2024-01-16T11:06:52","slug":"hex-on-the-beach","status":"publish","type":"product","link":"https:\/\/amberdistribution.lv\/lv\/product\/hex-on-the-beach\/","title":{"rendered":"Hex on the beach"},"content":{"rendered":"<p>Jaunums! Klasiskais Hektors apvienojum\u0101 ar popul\u0101ro <em>Sex on the beach<\/em> kokteili, un taj\u0101 sastopamaj\u0101m, dz\u0113rv\u0113nu &amp; apels\u012bnu not\u012bm.<\/p>\n","protected":false},"excerpt":{"rendered":"<p>Jaunums! Klasiskais Hektors apvienojum\u0101 ar popul\u0101ro Sex on the beach kokteili, un taj\u0101 sastopamaj\u0101m, dz\u0113rv\u0113nu &amp; apels\u012bnu not\u012bm.<\/p>\n","protected":false},"featured_media":6205,"template":"","meta":[],"product_cat":[1065,302],"product_tag":[],"acf":[],"_links":{"self":[{"href":"https:\/\/amberdistribution.lv\/lv\/wp-json\/wp\/v2\/product\/6204"}],"collection":[{"href":"https:\/\/amberdistribution.lv\/lv\/wp-json\/wp\/v2\/product"}],"about":[{"href":"https:\/\/amberdistribution.lv\/lv\/wp-json\/wp\/v2\/types\/product"}],"wp:featuredmedia":[{"embeddable":true,"href":"https:\/\/amberdistribution.lv\/lv\/wp-json\/wp\/v2\/media\/6205"}],"wp:attachment":[{"href":"https:\/\/amberdistribution.lv\/lv\/wp-json\/wp\/v2\/media?parent=6204"}],"wp:term":[{"taxonomy":"product_cat","embeddable":true,"href":"https:\/\/amberdistribution.lv\/lv\/wp-json\/wp\/v2\/product_cat?post=6204"},{"taxonomy":"product_tag","embeddable":true,"href":"https:\/\/amberdistribution.lv\/lv\/wp-json\/wp\/v2\/product_tag?post=6204"}],"curies":[{"name":"wp","href":"https:\/\/api.w.org\/{rel}","templated":true}]}}