{"id":6249,"date":"2024-01-31T08:50:08","date_gmt":"2024-01-31T08:50:08","guid":{"rendered":"https:\/\/amberdistribution.lv\/?post_type=product&#038;p=6249"},"modified":"2024-01-31T08:50:10","modified_gmt":"2024-01-31T08:50:10","slug":"anselmo-mendes-muros-antigos-echolta","status":"publish","type":"product","link":"https:\/\/amberdistribution.lv\/lv\/product\/anselmo-mendes-muros-antigos-echolta\/","title":{"rendered":"Anselmo Mendes Muros Antigos Echolta"},"content":{"rendered":"<p>Sauss baltv\u012bns DOC Vinho Verde, kas tiek izgatavots no 3 baltu v\u012bnogu \u0161\u0137irn\u0113m- Alvarinho, Loureiro un Avesso, kur Alvarinho rada v\u012bna strukt\u016bru, Loureiro sniedz arom\u0101tu un Avesso v\u012bnoga piedod sk\u0101bumu un mineralit\u0101ti. V\u012bnogas tiek nov\u0101ktas ar rok\u0101m un maig\u0101 pres\u0113 pak\u013cauj tikai pa\u0161u ogu, un ferment\u0101cija norit ilgi zem\u0101s temperat\u016br\u0101s, tam seko 4 m\u0113ne\u0161u notur\u0113\u0161ana uz nogulsn\u0113m. Arom\u0101tam rakstur\u012bgi baltie aug\u013ci, citrons, \u0101boli, bet gar\u0161\u0101 izteikts svaigs sk\u0101bums ar salden\u0101m citrusa (izteikt\u0101k mandar\u012bnu) not\u012bm un garu p\u0113cgar\u0161u. Iztur\u0113\u0161anas potenci\u0101ls 5 gadi. Var tikt pasniegts k\u0101 aperit\u012bvs vai ar baltaj\u0101m ziv\u012bm, lapu gar\u0161augiem, putnu ga\u013cu vai j\u016bras velt\u0113m.<\/p>\n","protected":false},"excerpt":{"rendered":"<p>Sauss baltv\u012bns DOC Vinho Verde, kas tiek izgatavots no 3 baltu v\u012bnogu \u0161\u0137irn\u0113m- Alvarinho, Loureiro un Avesso, kur Alvarinho rada v\u012bna strukt\u016bru, Loureiro sniedz arom\u0101tu un Avesso v\u012bnoga piedod sk\u0101bumu...<\/p>\n","protected":false},"featured_media":6252,"template":"","meta":[],"product_cat":[418,422],"product_tag":[],"acf":[],"_links":{"self":[{"href":"https:\/\/amberdistribution.lv\/lv\/wp-json\/wp\/v2\/product\/6249"}],"collection":[{"href":"https:\/\/amberdistribution.lv\/lv\/wp-json\/wp\/v2\/product"}],"about":[{"href":"https:\/\/amberdistribution.lv\/lv\/wp-json\/wp\/v2\/types\/product"}],"wp:featuredmedia":[{"embeddable":true,"href":"https:\/\/amberdistribution.lv\/lv\/wp-json\/wp\/v2\/media\/6252"}],"wp:attachment":[{"href":"https:\/\/amberdistribution.lv\/lv\/wp-json\/wp\/v2\/media?parent=6249"}],"wp:term":[{"taxonomy":"product_cat","embeddable":true,"href":"https:\/\/amberdistribution.lv\/lv\/wp-json\/wp\/v2\/product_cat?post=6249"},{"taxonomy":"product_tag","embeddable":true,"href":"https:\/\/amberdistribution.lv\/lv\/wp-json\/wp\/v2\/product_tag?post=6249"}],"curies":[{"name":"wp","href":"https:\/\/api.w.org\/{rel}","templated":true}]}}