{"id":6254,"date":"2024-01-31T09:25:00","date_gmt":"2024-01-31T09:25:00","guid":{"rendered":"https:\/\/amberdistribution.lv\/?post_type=product&#038;p=6254"},"modified":"2024-08-19T09:07:17","modified_gmt":"2024-08-19T09:07:17","slug":"anselmo-mendes-muros-antigos-loureiro","status":"publish","type":"product","link":"https:\/\/amberdistribution.lv\/lv\/product\/anselmo-mendes-muros-antigos-loureiro\/","title":{"rendered":"Anselmo Mendes Muros Antigos Loureiro"},"content":{"rendered":"<p>Sauss baltv\u012bns DOC Vinho Verde, kas tiek ra\u017eots no rok\u0101m nov\u0101kt\u0101m Loureiro \u0161\u0137irnes v\u012bnog\u0101m, kuras augu\u0161as Lima re\u0123ion\u0101 Portug\u0101l\u0113. V\u012bnogul\u0101ji aug gran\u012bta augsn\u0113 sl\u012bp\u0101 kalna nog\u0101z\u0113 pie Lima upes un ir v\u0113rsti uz dienvidu pusi, k\u0101 ar\u012b tos sp\u0113c\u012bgi ietekm\u0113 Atlantijas oke\u0101na br\u012bze. \u0160o apst\u0101k\u013cu iespaid\u0101, v\u012bnam rakstur\u012bgs izteikts svaigums, pat\u012bkams arom\u0101ts, viegls sk\u0101bums un viegla mineralit\u0101te. V\u012bns ir 4 m\u0113ne\u0161us iztur\u0113ts uz nogulsn\u0113m. Arom\u0101t\u0101 rakstur\u012bgi baltie ziedi, gar\u0161a ir sabalans\u0113ta ar atsvaidzino\u0161u sk\u0101bumu, p\u0113cgar\u0161a ir sabalans\u0113ta. Iztur\u0113\u0161anas potenci\u0101ls 10 gadi.Var tikt pasniegts k\u0101 aperit\u012bvs vai ar baltaj\u0101m ziv\u012bm, lapu gar\u0161augiem, putnu ga\u013cu vai j\u016bras velt\u0113m.<\/p>\n","protected":false},"excerpt":{"rendered":"<p>Sauss baltv\u012bns DOC Vinho Verde, kas tiek ra\u017eots no rok\u0101m nov\u0101kt\u0101m Loureiro \u0161\u0137irnes v\u012bnog\u0101m, kuras augu\u0161as Lima re\u0123ion\u0101 Portug\u0101l\u0113. V\u012bnogul\u0101ji aug gran\u012bta augsn\u0113 sl\u012bp\u0101 kalna nog\u0101z\u0113 pie Lima upes un...<\/p>\n","protected":false},"featured_media":6951,"template":"","meta":[],"product_cat":[418,422],"product_tag":[],"acf":[],"_links":{"self":[{"href":"https:\/\/amberdistribution.lv\/lv\/wp-json\/wp\/v2\/product\/6254"}],"collection":[{"href":"https:\/\/amberdistribution.lv\/lv\/wp-json\/wp\/v2\/product"}],"about":[{"href":"https:\/\/amberdistribution.lv\/lv\/wp-json\/wp\/v2\/types\/product"}],"wp:featuredmedia":[{"embeddable":true,"href":"https:\/\/amberdistribution.lv\/lv\/wp-json\/wp\/v2\/media\/6951"}],"wp:attachment":[{"href":"https:\/\/amberdistribution.lv\/lv\/wp-json\/wp\/v2\/media?parent=6254"}],"wp:term":[{"taxonomy":"product_cat","embeddable":true,"href":"https:\/\/amberdistribution.lv\/lv\/wp-json\/wp\/v2\/product_cat?post=6254"},{"taxonomy":"product_tag","embeddable":true,"href":"https:\/\/amberdistribution.lv\/lv\/wp-json\/wp\/v2\/product_tag?post=6254"}],"curies":[{"name":"wp","href":"https:\/\/api.w.org\/{rel}","templated":true}]}}