{"id":6257,"date":"2024-01-31T09:29:29","date_gmt":"2024-01-31T09:29:29","guid":{"rendered":"https:\/\/amberdistribution.lv\/?post_type=product&#038;p=6257"},"modified":"2024-08-19T07:52:09","modified_gmt":"2024-08-19T07:52:09","slug":"anselmo-mendes-muros-antigos-alvarinho","status":"publish","type":"product","link":"https:\/\/amberdistribution.lv\/lv\/product\/anselmo-mendes-muros-antigos-alvarinho\/","title":{"rendered":"Anselmo Mendes Muros Antigos Alvarinho"},"content":{"rendered":"<p>Sauss baltv\u012bns DOC Vinho Verde, kas tiek ra\u017eots no 100% Alvarinho v\u012bnog\u0101m, kuras tiek audz\u0113tas ekskluz\u012bvi tikai Nocao un Melgaco re\u0123ionos Portug\u0101l\u0113 un tiek delik\u0101ti nov\u0101ktas ar rok\u0101m. \u0160o re\u0123ionu \u012bpatn\u012bba ir to ieskaut\u012bba kalnu nog\u0101z\u0113s, t\u0101d\u0113j\u0101di v\u012bnog\u0101m tiek nodro\u0161in\u0101ti vislab\u0101kie aug\u0161anas apst\u0101k\u013ci ar nepiecie\u0161amo nokri\u0161\u0146u, pareiz\u0101s temperat\u016bras un pietiekamas gaismas apst\u0101k\u013ciem. Gar\u0161\u0101 rakstur\u012bgas t\u0101das citrusu notis k\u0101 citroni, citronu mizi\u0146a un greipfr\u016bti, sabalans\u0113ts sk\u0101bums. Iztur\u0113\u0161anas potenci\u0101ls 10 gadi. Var tikt pasniegts k\u0101 aperit\u012bvs vai ar baltaj\u0101m ziv\u012bm, lapu gar\u0161augiem, putnu ga\u013cu vai j\u016bras velt\u0113m.<\/p>\n","protected":false},"excerpt":{"rendered":"<p>Sauss baltv\u012bns DOC Vinho Verde, kas tiek ra\u017eots no 100% Alvarinho v\u012bnog\u0101m, kuras tiek audz\u0113tas ekskluz\u012bvi tikai Nocao un Melgaco re\u0123ionos Portug\u0101l\u0113 un tiek delik\u0101ti nov\u0101ktas ar rok\u0101m. \u0160o re\u0123ionu...<\/p>\n","protected":false},"featured_media":6924,"template":"","meta":[],"product_cat":[418,422],"product_tag":[],"acf":[],"_links":{"self":[{"href":"https:\/\/amberdistribution.lv\/lv\/wp-json\/wp\/v2\/product\/6257"}],"collection":[{"href":"https:\/\/amberdistribution.lv\/lv\/wp-json\/wp\/v2\/product"}],"about":[{"href":"https:\/\/amberdistribution.lv\/lv\/wp-json\/wp\/v2\/types\/product"}],"wp:featuredmedia":[{"embeddable":true,"href":"https:\/\/amberdistribution.lv\/lv\/wp-json\/wp\/v2\/media\/6924"}],"wp:attachment":[{"href":"https:\/\/amberdistribution.lv\/lv\/wp-json\/wp\/v2\/media?parent=6257"}],"wp:term":[{"taxonomy":"product_cat","embeddable":true,"href":"https:\/\/amberdistribution.lv\/lv\/wp-json\/wp\/v2\/product_cat?post=6257"},{"taxonomy":"product_tag","embeddable":true,"href":"https:\/\/amberdistribution.lv\/lv\/wp-json\/wp\/v2\/product_tag?post=6257"}],"curies":[{"name":"wp","href":"https:\/\/api.w.org\/{rel}","templated":true}]}}