{"id":6260,"date":"2024-01-31T09:35:38","date_gmt":"2024-01-31T09:35:38","guid":{"rendered":"https:\/\/amberdistribution.lv\/?post_type=product&#038;p=6260"},"modified":"2024-08-19T07:33:46","modified_gmt":"2024-08-19T07:33:46","slug":"anselmo-mendes-loureiro-private","status":"publish","type":"product","link":"https:\/\/amberdistribution.lv\/lv\/product\/anselmo-mendes-loureiro-private\/","title":{"rendered":"Anselmo Mendes Loureiro Private"},"content":{"rendered":"<p>Sauss baltv\u012bns DOC Vinho Verde, kas izgatavots no 100% Loureiro \u0161\u0137irnes v\u012bnog\u0101m, kas tiek nov\u0101ktas ar rok\u0101m un audz\u0113tas Lima upes kreisaj\u0101 krast\u0101 - Encosta do Pombal, Quinta da Ferreira. V\u012bna pagatavo\u0161anas proces\u0101 v\u012bnogas pak\u013cauj maigai presei, ferment\u0101cija norit ner\u016bs\u0113jo\u0161a t\u0113rauda tvertn\u0113s 9 m\u0113ne\u0161u garum\u0101, kam seko 1 gada ilga iztur\u0113\u0161ana pudel\u0113. Arom\u0101t\u0101 j\u016btami delik\u0101ti baltie ziedi, k\u0101 ar\u012b vieglas piparm\u0113tru un salvijas arom\u0101ti. Gar\u0161\u0101 izteikti ziedi un v\u012bnam ir izteikts, atsvaidzino\u0161s sk\u0101bums. Iztur\u0113\u0161anas potenci\u0101ls 10 gadi. Var tikt pasniegts k\u0101 aperit\u012bvs vai ar baltaj\u0101m ziv\u012bm, sal\u0101tiem, viegliem sieriem, putnu ga\u013cu vai j\u016bras velt\u0113m.<\/p>\n","protected":false},"excerpt":{"rendered":"<p>Sauss baltv\u012bns DOC Vinho Verde, kas izgatavots no 100% Loureiro \u0161\u0137irnes v\u012bnog\u0101m, kas tiek nov\u0101ktas ar rok\u0101m un audz\u0113tas Lima upes kreisaj\u0101 krast\u0101 - Encosta do Pombal, Quinta da Ferreira....<\/p>\n","protected":false},"featured_media":6917,"template":"","meta":[],"product_cat":[418,422],"product_tag":[],"acf":[],"_links":{"self":[{"href":"https:\/\/amberdistribution.lv\/lv\/wp-json\/wp\/v2\/product\/6260"}],"collection":[{"href":"https:\/\/amberdistribution.lv\/lv\/wp-json\/wp\/v2\/product"}],"about":[{"href":"https:\/\/amberdistribution.lv\/lv\/wp-json\/wp\/v2\/types\/product"}],"wp:featuredmedia":[{"embeddable":true,"href":"https:\/\/amberdistribution.lv\/lv\/wp-json\/wp\/v2\/media\/6917"}],"wp:attachment":[{"href":"https:\/\/amberdistribution.lv\/lv\/wp-json\/wp\/v2\/media?parent=6260"}],"wp:term":[{"taxonomy":"product_cat","embeddable":true,"href":"https:\/\/amberdistribution.lv\/lv\/wp-json\/wp\/v2\/product_cat?post=6260"},{"taxonomy":"product_tag","embeddable":true,"href":"https:\/\/amberdistribution.lv\/lv\/wp-json\/wp\/v2\/product_tag?post=6260"}],"curies":[{"name":"wp","href":"https:\/\/api.w.org\/{rel}","templated":true}]}}