{"id":6263,"date":"2024-01-31T09:42:23","date_gmt":"2024-01-31T09:42:23","guid":{"rendered":"https:\/\/amberdistribution.lv\/?post_type=product&#038;p=6263"},"modified":"2024-10-16T11:33:59","modified_gmt":"2024-10-16T11:33:59","slug":"anselmo-mendes-pardusco-private","status":"publish","type":"product","link":"https:\/\/amberdistribution.lv\/lv\/product\/anselmo-mendes-pardusco-private\/","title":{"rendered":"Anselmo Mendes Pardusco Private"},"content":{"rendered":"<p>Gai\u0161as rub\u012bna kr\u0101sas sausais sarkanv\u012bns, kas tiek gatavots no senlaic\u012bg\u0101s v\u012bnogu \u0161\u0137irnes Alvarelh\u00e3o, ko viet\u0113jie paz\u012bst p\u0113c nosaukuma Brancelho. Vadoties p\u0113c sen\u0101m portug\u0101\u013cu trad\u012bcij\u0101m, sarkanv\u012bns 24 m\u0113ne\u0161us tiek iztur\u0113ts 400L Fran\u010du ozolkoka muc\u0101s. No v\u012bnogas tiek ieg\u016bti intens\u012bvi sarkano aug\u013cu, zeme\u0146u un \u0137ir\u0161u arom\u0101ti, ta\u010du no iztur\u0113\u0161anas muc\u0101, v\u012bnam piem\u012bt ar\u012b maigs ciedra arom\u0101ts. Gar\u0161\u0101 v\u012bnam rakstur\u012bga \u0161okol\u0101des un \u0101das notis, ta\u010du piem\u012bt ar\u012b sp\u0113c\u012bgs sk\u0101bums. Iztur\u0113\u0161anas potenci\u0101ls 9 gadi. Ide\u0101li der\u0113s pasnieg\u0161anai pie j\u0113ra, kas pagatavots pikant\u0101s gar\u0161viel\u0101s, vai ar saut\u0113tu c\u016bkga\u013cas muguras karbon\u0101di, radot izsmalcin\u0101tu un unik\u0101lu gar\u0161u kombin\u0101ciju un pieredzi. Pasniegt viegli atdzes\u0113tu 16\u201318\u00b0C gr\u0101du temperat\u016br\u0101.<\/p>\n","protected":false},"excerpt":{"rendered":"<p>Gai\u0161as rub\u012bna kr\u0101sas sausais sarkanv\u012bns, kas tiek gatavots no senlaic\u012bg\u0101s v\u012bnogu \u0161\u0137irnes Alvarelh\u00e3o, ko viet\u0113jie paz\u012bst p\u0113c nosaukuma Brancelho. Vadoties p\u0113c sen\u0101m portug\u0101\u013cu trad\u012bcij\u0101m, sarkanv\u012bns 24 m\u0113ne\u0161us tiek iztur\u0113ts 400L...<\/p>\n","protected":false},"featured_media":6932,"template":"","meta":[],"product_cat":[418,422],"product_tag":[],"acf":[],"_links":{"self":[{"href":"https:\/\/amberdistribution.lv\/lv\/wp-json\/wp\/v2\/product\/6263"}],"collection":[{"href":"https:\/\/amberdistribution.lv\/lv\/wp-json\/wp\/v2\/product"}],"about":[{"href":"https:\/\/amberdistribution.lv\/lv\/wp-json\/wp\/v2\/types\/product"}],"wp:featuredmedia":[{"embeddable":true,"href":"https:\/\/amberdistribution.lv\/lv\/wp-json\/wp\/v2\/media\/6932"}],"wp:attachment":[{"href":"https:\/\/amberdistribution.lv\/lv\/wp-json\/wp\/v2\/media?parent=6263"}],"wp:term":[{"taxonomy":"product_cat","embeddable":true,"href":"https:\/\/amberdistribution.lv\/lv\/wp-json\/wp\/v2\/product_cat?post=6263"},{"taxonomy":"product_tag","embeddable":true,"href":"https:\/\/amberdistribution.lv\/lv\/wp-json\/wp\/v2\/product_tag?post=6263"}],"curies":[{"name":"wp","href":"https:\/\/api.w.org\/{rel}","templated":true}]}}