{"id":6295,"date":"2024-01-31T12:59:30","date_gmt":"2024-01-31T12:59:30","guid":{"rendered":"https:\/\/amberdistribution.lv\/?post_type=product&#038;p=6295"},"modified":"2024-01-31T13:07:58","modified_gmt":"2024-01-31T13:07:58","slug":"vina-maipo-mi-pueblo-cabernet-sauvignon","status":"publish","type":"product","link":"https:\/\/amberdistribution.lv\/lv\/product\/vina-maipo-mi-pueblo-cabernet-sauvignon\/","title":{"rendered":"Vi\u00f1a Maipo Mi Pueblo Cabernet Sauvignon"},"content":{"rendered":"<p>Rub\u012bna sarkan\u0101s kr\u0101sas sausais sarkanv\u012bns veidots no Cabernet Sauvignon v\u012bnog\u0101m. V\u012bnam rakstur\u012bgs svaigs sarkano aug\u013cu, kafijas un \u0161okol\u0101des arom\u0101ts un noapa\u013cota, svaiga gar\u0161a, kam seko gara p\u0113cgar\u0161a. Lieliski der\u0113s k\u0101 aperit\u012bvs vai pasnieg\u0161anai pie gril\u0113tas ga\u013cas, pastas vai sieriem. Pasniegt atdzes\u0113tu 15-18\u00b0C temperat\u016br\u0101.<\/p>\n","protected":false},"excerpt":{"rendered":"<p>Rub\u012bna sarkan\u0101s kr\u0101sas sausais sarkanv\u012bns veidots no Cabernet Sauvignon v\u012bnog\u0101m. V\u012bnam rakstur\u012bgs svaigs sarkano aug\u013cu, kafijas un \u0161okol\u0101des arom\u0101ts un noapa\u013cota, svaiga gar\u0161a, kam seko gara p\u0113cgar\u0161a. Lieliski der\u0113s k\u0101...<\/p>\n","protected":false},"featured_media":6296,"template":"","meta":[],"product_cat":[418,425],"product_tag":[],"acf":[],"_links":{"self":[{"href":"https:\/\/amberdistribution.lv\/lv\/wp-json\/wp\/v2\/product\/6295"}],"collection":[{"href":"https:\/\/amberdistribution.lv\/lv\/wp-json\/wp\/v2\/product"}],"about":[{"href":"https:\/\/amberdistribution.lv\/lv\/wp-json\/wp\/v2\/types\/product"}],"wp:featuredmedia":[{"embeddable":true,"href":"https:\/\/amberdistribution.lv\/lv\/wp-json\/wp\/v2\/media\/6296"}],"wp:attachment":[{"href":"https:\/\/amberdistribution.lv\/lv\/wp-json\/wp\/v2\/media?parent=6295"}],"wp:term":[{"taxonomy":"product_cat","embeddable":true,"href":"https:\/\/amberdistribution.lv\/lv\/wp-json\/wp\/v2\/product_cat?post=6295"},{"taxonomy":"product_tag","embeddable":true,"href":"https:\/\/amberdistribution.lv\/lv\/wp-json\/wp\/v2\/product_tag?post=6295"}],"curies":[{"name":"wp","href":"https:\/\/api.w.org\/{rel}","templated":true}]}}