{"id":6298,"date":"2024-01-31T13:02:20","date_gmt":"2024-01-31T13:02:20","guid":{"rendered":"https:\/\/amberdistribution.lv\/?post_type=product&#038;p=6298"},"modified":"2024-08-19T09:22:33","modified_gmt":"2024-08-19T09:22:33","slug":"vina-maipo-mi-pueblo-chardonnay","status":"publish","type":"product","link":"https:\/\/amberdistribution.lv\/lv\/product\/vina-maipo-mi-pueblo-chardonnay\/","title":{"rendered":"Vi\u00f1a Maipo Mi Pueblo Chardonnay"},"content":{"rendered":"<p>Gai\u0161i dzelten\u0101s kr\u0101sas sauss baltv\u012bns pagatavots no Chardonnay un Sauvingon Blanc v\u012bnog\u0101m. V\u012bnam rakstur\u012bgs saldens balto aug\u013cu, citrusu, za\u013co \u0101bolu un persiku arom\u0101ts un svaiga, sabalans\u0113ta gar\u0161a. Lieliski der\u0113s pasnieg\u0161anai k\u0101 aperit\u012bvs vai ar zivi un j\u016bras velt\u0113m. Pasniegt atdzes\u0113tu 10-12\u00b0C temperat\u016br\u0101.<\/p>\n","protected":false},"excerpt":{"rendered":"<p>Gai\u0161i dzelten\u0101s kr\u0101sas sauss baltv\u012bns pagatavots no Chardonnay un Sauvingon Blanc v\u012bnog\u0101m. V\u012bnam rakstur\u012bgs saldens balto aug\u013cu, citrusu, za\u013co \u0101bolu un persiku arom\u0101ts un svaiga, sabalans\u0113ta gar\u0161a. Lieliski der\u0113s pasnieg\u0161anai...<\/p>\n","protected":false},"featured_media":6961,"template":"","meta":[],"product_cat":[425,418],"product_tag":[],"acf":[],"_links":{"self":[{"href":"https:\/\/amberdistribution.lv\/lv\/wp-json\/wp\/v2\/product\/6298"}],"collection":[{"href":"https:\/\/amberdistribution.lv\/lv\/wp-json\/wp\/v2\/product"}],"about":[{"href":"https:\/\/amberdistribution.lv\/lv\/wp-json\/wp\/v2\/types\/product"}],"wp:featuredmedia":[{"embeddable":true,"href":"https:\/\/amberdistribution.lv\/lv\/wp-json\/wp\/v2\/media\/6961"}],"wp:attachment":[{"href":"https:\/\/amberdistribution.lv\/lv\/wp-json\/wp\/v2\/media?parent=6298"}],"wp:term":[{"taxonomy":"product_cat","embeddable":true,"href":"https:\/\/amberdistribution.lv\/lv\/wp-json\/wp\/v2\/product_cat?post=6298"},{"taxonomy":"product_tag","embeddable":true,"href":"https:\/\/amberdistribution.lv\/lv\/wp-json\/wp\/v2\/product_tag?post=6298"}],"curies":[{"name":"wp","href":"https:\/\/api.w.org\/{rel}","templated":true}]}}