{"id":6327,"date":"2024-02-19T12:29:01","date_gmt":"2024-02-19T12:29:01","guid":{"rendered":"https:\/\/amberdistribution.lv\/?post_type=product&#038;p=6327"},"modified":"2025-06-18T06:10:15","modified_gmt":"2025-06-18T06:10:15","slug":"maison-perrier-magnetic-juice-peach-cherry","status":"publish","type":"product","link":"https:\/\/amberdistribution.lv\/lv\/product\/maison-perrier-magnetic-juice-peach-cherry\/","title":{"rendered":"Maison Perrier &#038; Magnetic Juice Peach &#038; Cherry"},"content":{"rendered":"<p>Esi atsvaidzin\u0101ts ar persiku saldumu, ko papildina \u0137ir\u0161u ener\u0123ija.<\/p>\n","protected":false},"excerpt":{"rendered":"<p>Esi atsvaidzin\u0101ts ar persiku saldumu, ko papildina \u0137ir\u0161u ener\u0123ija.<\/p>\n","protected":false},"featured_media":6396,"template":"","meta":[],"product_cat":[451,447],"product_tag":[],"acf":[],"_links":{"self":[{"href":"https:\/\/amberdistribution.lv\/lv\/wp-json\/wp\/v2\/product\/6327"}],"collection":[{"href":"https:\/\/amberdistribution.lv\/lv\/wp-json\/wp\/v2\/product"}],"about":[{"href":"https:\/\/amberdistribution.lv\/lv\/wp-json\/wp\/v2\/types\/product"}],"wp:featuredmedia":[{"embeddable":true,"href":"https:\/\/amberdistribution.lv\/lv\/wp-json\/wp\/v2\/media\/6396"}],"wp:attachment":[{"href":"https:\/\/amberdistribution.lv\/lv\/wp-json\/wp\/v2\/media?parent=6327"}],"wp:term":[{"taxonomy":"product_cat","embeddable":true,"href":"https:\/\/amberdistribution.lv\/lv\/wp-json\/wp\/v2\/product_cat?post=6327"},{"taxonomy":"product_tag","embeddable":true,"href":"https:\/\/amberdistribution.lv\/lv\/wp-json\/wp\/v2\/product_tag?post=6327"}],"curies":[{"name":"wp","href":"https:\/\/api.w.org\/{rel}","templated":true}]}}